{"id":3047,"date":"2025-09-17T09:00:48","date_gmt":"2025-09-17T07:00:48","guid":{"rendered":"https:\/\/dichta.com\/?page_id=3047"},"modified":"2025-09-17T09:00:48","modified_gmt":"2025-09-17T07:00:48","slug":"condizioni-vendita","status":"publish","type":"page","link":"https:\/\/dichta.com\/it\/condizioni-vendita\/","title":{"rendered":"Condizioni Generali"},"content":{"rendered":"\t<section class=\"section\" id=\"section_1738608816\">\n\t\t<div class=\"bg section-bg fill bg-fill  bg-loaded\" >\n\n\t\t\t\n\t\t\t\n\t\t\t\n\n\t\t<\/div>\n\n\t\t\n\n\t\t<div class=\"section-content relative\">\n\t\t\t\n<div class=\"row\"  id=\"row-1005875156\">\n\n\t<div id=\"col-149802594\" class=\"col small-12 large-12\"  >\n\t\t\t\t<div class=\"col-inner\"  >\n\t\t\t\n\t\t\t\n<h1 style=\"text-align: center;\">CONDIZIONI GENERALI DI VENDITA E FORNITURA<\/h1>\n<p><strong>1. Ambito di applicazione delle presenti Condizioni.<br \/>\n<\/strong>Le presenti Condizioni disciplinano tutti gli attuali e futuri rapporti tra le parti e si applicano a tutte le vendite da parte di Dichta s.r.l. (nel prosieguo il Fornitore) al Cliente dei prodotti indicati nella Proposta di Acquisto e\/o nella Conferma d\u2019Ordine e prevalgono su qualsiasi altra clausola apposta dal Cliente sull&#8217;Ordine ovvero sulle sue Condizioni Generali di Contratto<\/p>\n<p><strong>2. Ordine.<br \/>\n2.1.<\/strong> Dovr\u00e0 essere trasmesso per iscritto o oralmente e dovr\u00e0 indicare i Prodotti identificati per codice Prodotto e\/o denominazione e quantit\u00e0, e dovr\u00e0 rispettare i lotti minimi di acquisto eventualmente previsti per ciascun Prodotto.<br \/>\n<strong>2.2.<\/strong> Non sar\u00e0 vincolante per il Fornitore che potr\u00e0 non accettarlo, totalmente e\/o parzialmente, a proprio insindacabile giudizio.<br \/>\n<strong>2.3.<\/strong> Costituisce proposta irrevocabile d\u2019acquisto dei prodotti ivi indicati, per il periodo di 7 giorni dalla sua ricezione.<\/p>\n<p><strong>3. Formazione del Contratto.<br \/>\n3.1.<\/strong> Il Contratto di Fornitura (Ordine di Acquisto) si perfeziona con la Conferma scritta del Fornitore di accettazione dell\u2019Ordine.<br \/>\n<strong>3.2.<\/strong> Se le Condizioni indicate nell&#8217;Ordine del Cliente differiscono da quelle della Conferma scritta del Fornitore, queste ultime valgono come nuova Proposta e il Contratto si intender\u00e0 perfezionato qualora il Cliente, nulla abbia da eccepire entro le successive ventiquattro ore lavorative che decorrono dall&#8217;avvenuto invio della nuova Proposta da parte del Fornitore (accettazione tacita).<br \/>\n<strong>3.3.<\/strong> Il Fornitore sara libero di accordare e\/o rifiutare eventuali modifiche a un Ordine chiesto dal Cliente.<br \/>\n<strong>3.4.<\/strong> Con l\u2019accettazione dell\u2019Ordine da parte del Fornitore il contratto si considera perfezionato con diritto del Fornitore a percepire il pagamento anche nel caso in cui il Cliente dovesse chiedere l\u2019annullamento.<strong><br \/>\n<\/strong><\/p>\n<p><strong>4. Pagamenti.<\/strong><br \/>\n<strong>4.1.<\/strong> Il Fornitore applicher\u00e0 per ciascun prodotto i prezzi previsti nel proprio listino nel momento della ricezione dell\u2019Ordine, salvo diverso accordo tra le parti.<br \/>\n<strong>4.2.<\/strong> Il pagamento dovr\u00e0 avvenire entro il termine indicato nella fattura di vendita ovvero nella Conferma d\u2019Ordine emessa dal Fornitore. In caso di tardato pagamento, il Cliente sara tenuto a corrispondere al Fornitore gli interessi moratori, senza alcuna necessita in capo al Fornitore di procedere con la formale costituzione in mora, fatto salvo il maggior risarcimento del danno derivato.<br \/>\n<strong>4.3.<\/strong> Eventuali reclami e denunce non daranno diritto al Cliente di sospendere e\/o di ritardare il pagamento dei prodotti.<\/p>\n<p><strong>5. Trasporto della merce.<\/strong><br \/>\n<strong>5.1.<\/strong> Il rischio e il costo del trasporto saranno a carico del Cliente, salvo diverso accordo scritto intervenuto tra le Parti. L\u2019imballo dei materiali verr\u00e0 eseguito dal Fornitore con cura e in base alla sua esperienza e sara compreso nel prezzo della vendita della merce. Qualora il Cliente manifestasse l\u2019esigenza di particolari imballi, il Fornitore avr\u00e0 la facolt\u00e0 di pretendere il maggior costo.<br \/>\n<strong>5.2.<\/strong> Con la rimessione dei materiali al Cliente o al Vettore, il Fornitore si libera dell\u2019obbligo di consegna e tutti i rischi sui materiali stessi passano al Cliente, anche nel caso in cui il Fornitore sia stato incaricato della spedizione.<\/p>\n<p><strong>6. Termini di consegna.<\/strong><br \/>\n<strong>6.1.<\/strong> I termini di consegna hanno carattere indicativo e si computano a giorni lavorativi. Il semplice ritardo nella consegna non costituisce valido motivo per procedere all&#8217;annullamento dell\u2019ordine.<br \/>\n<strong>6.2.<\/strong> Se non diversamente pattuito dalle parti, i termini di consegna iniziano a decorrere dal momento della conclusione del contratto, a meno che il Cliente non sia tenuto a corrispondere parte del prezzo a titolo di acconto oppure l\u2019intero corrispettivo. In tal caso la decorrenza del termine dovr\u00e0 considerarsi sospesa sino a quando non perverr\u00e0 il pagamento.<br \/>\n<strong>6.3.<\/strong> In caso di mancata presa in consegna dei prodotti da parte del Cliente, per fatto e colpa a lui imputabile, o comunque per cause indipendenti dalla volont\u00e0 del Fornitore, il Cliente sopporter\u00e0 i rischi e le spese per la loro custodia. Il Fornitore provveder\u00e0 a portare i prodotti presso un suo deposito dove il Cliente potr\u00e0 ritirarli a propria cura e spese, essendo escluso un ulteriore obbligo di trasporto. Resta inteso che il Cliente avr\u00e0 comunque l\u2019obbligo di pagare il prezzo dei Prodotti.<br \/>\n<strong>6.4.<\/strong> I termini di consegna si intendono prolungati di diritto: a) qualora il Cliente non fornisca in tempo utile i dati o i materiali necessari alla fornitura o richieda delle varianti in corso di esecuzione o, ancora, ritardi nel rispondere alla richiesta di approvazione dei disegni e degli schemi esecutivi; b) per cause indipendenti dalle buona volont\u00e0 e diligenza del Fornitore e pertanto non direttamente imputabili al medesimo (es. causa di forza maggiore e\/o di caso fortuito); c) nel caso in cui il Cliente non sia in regola con i pagamenti relativi anche ad altre forniture, la decorrenza dei termini di consegna e sospesa e il Fornitore pu\u00f2 ritardare le consegne sino a quando il cliente non corrisponder\u00e0 il dovuto.<\/p>\n<p><strong>7. Garanzia.<\/strong><br \/>\n<strong>7.1.<\/strong> Il Fornitore garantisce la conformit\u00e0 dei Prodotti forniti, intendendosi cio\u00e8 che i Prodotti sono privi di difetti nei materiali e\/o nelle lavorazioni e conformi a quanto stabilito da specifico Contratto accettato dalle parti. Le informazioni tecniche riportate nei cataloghi non hanno valore vincolante, il Fornitore potr\u00e0 in ogni caso apportare delle modifiche alle caratteristiche del Prodotto purch\u00e9 dette modifiche non vadano ad influire sulla qualit\u00e0 del Prodotto, senza che sia necessaria la previa autorizzazione del Cliente.<br \/>\n<strong>7.2.<\/strong> La garanzia si prescrive in un anno dalla consegna e per i Prodotti o Componenti sostituiti, dal giorno della loro sostituzione;<br \/>\n<strong>7.3.<\/strong> Il Cliente sara tenuto a esibire al Fornitore i prodotti per le verifica dei vizi. In presenza di vizi il Fornitore, a sua scelta, potra procedere con la sostituzione dei Prodotti difettosi ovvero a rimborsarne il prezzo, esclusa ogni altra garanzia, prestazione e\/o responsabilit\u00e0 per danni di qualsiasi altra natura subiti dal Cliente e\/o a terzi. Nello specifico il Fornitore non risponder\u00e0 per ogni voce di danno da lucro cessante ne dei costi relativi al montaggio e\/o smontaggio della merce difettosa.<br \/>\n<strong>7.4.<\/strong> Salvo diverso accordo con il Cliente, la sostituzione e\/o la riparazione saranno effettuate con resa franco fabbrica: le spese e i rischi per il trasporto dei prodotti difettosi sono a carico del Cliente.<br \/>\n<strong>7.5.<\/strong> Se il Fornitore al fine di verificare l\u2019esistenza di vizi e\/o di difetti dei Prodotti forniti, dovesse ritenere necessario recarsi presso il Cliente, al fine di testare il funzionamento del Prodotto in opera (vale a dire mentre si trova montato sul macchinario), le spese di viaggio saranno a carico del Cliente.<br \/>\n<strong>7.6.<\/strong> La garanzia decade nel caso in cui i prodotti siano stati: a) utilizzati e\/o montati non correttamente (sono pertanto da escludersi danni e\/o malfunzionamenti derivati un uso improprio e\/o scorretto e\/o difforme del Prodotto e\/o in contrasto con le indicazioni d\u2019uso e\/o con le schede tecniche); b) oggetto di manutenzione insufficiente; c) modificati o riparati senza autorizzazione espressa del Fornitore; d) alterati da peculiari condizioni ambientali e climatiche del luogo di installazione e\/o di conservazione dei Prodotti.<br \/>\n<strong>7.7.<\/strong> In ogni caso il Fornitore non risponde dei difetti di conformit\u00e0 dei Prodotti dovuti alla normale usura di quelle parti che, per loro natura, sono soggetta a usura rapida e continua ovvero in caso di vizi e difetti e\/o malfunzionamenti risultanti da danni accidentali. Il Fornitore non risponder\u00e0 altres\u00ec del mal funzionamento del Prodotto, qualora il mal funzionamento e da imputarsi alle errate e\/o insufficienti informazione trasmesse dal Cliente. A titolo esemplificativo e non esaustivo: errata indicazione delle quote (lunghezza, altezza, profondit\u00e0, posizione relativa delle varie parti, distanza degli assi e dei diametri dei fori), omessa informazione in relazione a particolari condizioni climatiche del luogo di installazione.<br \/>\n<strong>7.8.<\/strong> La responsabilit\u00e0 del Venditore per qualsiasi danno derivante dall&#8217;eventuale presenza di vizi e\/o mancanza di qualit\u00e0 dei Prodotti sara limitata a una somma pari al corrispettivo del prodotto (valore del pezzo) ovvero a una somma pari al costo della sostituzione dello stesso Prodotto.<br \/>\n<strong>7.9.<\/strong> Il Cliente rinuncia al diritto di regresso nei confronti del Venditore, ai sensi dell\u2019art. 131 D.lgs n. 206 del 9 settembre 2005.<\/p>\n<p><strong>8. Reso della merce.<\/strong><br \/>\n<strong>8.1.<\/strong> La restituzione non potr\u00e0 avvenire senza previa autorizzazione del Fornitore e non sara accettata qualora i Prodotti non siano perfettamente imballati e integri.<br \/>\n<strong>8.2.<\/strong> Il Cliente dovr\u00e0 far pervenire la merce presso la sede del Fornitore entro e non oltre sette giorni dall&#8217;avvenuta accettazione del reso da parte del Fornitore, decorsi i quali l\u2019autorizzazione decade.<\/p>\n<p><strong>9. Limitazioni e responsabilit\u00e0 del Fornitore.<\/strong><br \/>\n<strong>9.1.<\/strong> Il Fornitore sara responsabile del buon funzionamento dei Prodotti forniti in rapporto alle caratteristiche e prestazioni da lui espressamente indicate.<br \/>\n<strong>9.2.<\/strong> Il Fornitore invece non assumer\u00e0 alcuna responsabilit\u00e0: a) per eventuali danni arrecati dal Vettore alla merce in sede di trasporto, come espressamente riportato al punto 5); b) per eventuali danni derivati dalla mancata e tempestiva consegna della merce, avendo le parti pattuito che i termini devono essere considerati indicativi, punto 6); c) per eventuali danni sia di natura contrattuale che extracontrattuale che possano essere vantati da terzi, a titolo esemplificativo e non esaustivo, danni diretti e\/o indiretti, danni da danno emergente e\/o mancato guadagno; d) in ogni caso per ogni voce di danno che ecceda il valore del prezzo pagato per il prodotto acquistato dal Cliente.<\/p>\n<p><strong>10. Recesso.<\/strong><br \/>\nIl Fornitore ha diritto di recedere in qualsiasi momento dal Contratto, senza necessita di preavviso, dandone comunicazione al Cliente in forma scritta, ferma la restituzione del prezzo eventualmente gi\u00e0 versato dal Cliente.<\/p>\n<p><strong>11. Clausola risolutiva espressa.<\/strong><br \/>\n<strong>11.1.<\/strong> Il contratto di fornitura sara risulto di diritto ai sensi dell\u2019art 1456 c.c. per effetto della semplice dichiarazione scritta del Fornitore di volersi avvalere della presente clausola, qualora il Cliente ometta o ritardi i pagamenti, indipendentemente dal quantum dell\u2019importo non ancora pagato.<br \/>\n<strong>11.2.<\/strong> Il contratto si intender\u00e0 risolto di diritto nel caso in cui il Cliente venga posto in liquidazione volontaria o sia stato assoggettato a una qualsiasi procedura concorsuale.<\/p>\n<p><strong>12. Consenso al trattamento dei dati personali.<\/strong><br \/>\n<strong>12.1.<\/strong> Le parti si impegnano a trattare i dati personali di cui dovessero venire a conoscenza nell&#8217;esecuzione del Contratto, nel rispetto di quanto previsto dal Regolamento (UE) 2016\/679 (c.d. General Data Protection Regulation GDPR).<br \/>\n<strong>12.2.<\/strong> A questo riguardo le parti dichiarano di avere ricevuto le rispettive informative.<br \/>\n<strong>12.3.<\/strong> Alla cessazione degli effetti del Contratto, per qualunque causa essa avvenga, ciascuna parte conserver\u00e0 la titolarit\u00e0 dei dati personali per i quali ha ottenuto il relativo consenso.<\/p>\n<p><strong>13. Varie.<\/strong><br \/>\n<strong>13.1.<\/strong> Le presenti Condizioni Generali si applicano tra il Fornitore e il Cliente e formano parte integrante di ogni Contratto concluso fra le Parti, regolandone i rapporti, anche nel caso in cui le stesse non le abbiano espressamente richiamate. Ci\u00f2 pertanto unitamente all&#8217;Ordine e alla Conferma d\u2019Ordine, le medesime costituiscono l\u2019unico accordo raggiunto tra le parti in merito alla vendita dei Prodotti e non potranno essere modificate, ne integrate, se non in forza del consenso delle parti formalizzato per iscritto. Esse, inoltre, sostituiscono ogni altro precedente accordo, scritto, verbale o tacito, che pu\u00f2 essere intercorso tra le parti sul medesimo oggetto. Il Cliente non potr\u00e0 pertanto invocare ne eccepire condizioni diverse da quelle contenute nelle presenti Condizioni Generali.<br \/>\n<strong>13.2.<\/strong> L\u2019eventuale nullit\u00e0 di una o di pi\u00f9 disposizioni delle presenti Condizioni Generali e\/o dell\u2019Ordine e\/o della Conferma d\u2019Ordine non incidono sulla validit\u00e0 dell\u2019intero Contratto;<br \/>\n<strong>13.3.<\/strong> Il Fornitore si riserva la facolt\u00e0 di avvalersi, per la realizzazione di particolari componenti meccanici, dell\u2019opera di soggetti terzi, trasmettendo le informazioni tecniche ricevute dal Cliente.<\/p>\n<p><strong>14. Legge applicabile e foro compente.<\/strong><br \/>\nLa fornitura dei Prodotti e disciplinata dalla legge Italiana, senza che possa farsi riferimento a qualsiasi norma che conduca all\u2019applicazione di una legge straniera o di convenzioni internazionali. Per qualsiasi controversia relativa alla vendita dei prodotti e stabilita la competenza esclusiva del Tribunale di Milano.<\/p>\n<p>________________________________________________<br \/>\n(Luogo, data) (Il Cliente)<br \/>\nAi sensi e per gli effetti degli artt. 1342 e 1342 c.c. il Cliente dichiara di aver letto e di approvare espressamente le seguenti clausole delle Condizioni Generali: 1) Ambito di applicazione delle presenti Condizioni Generali; 2) L\u2019Ordine; 3) Formazione del contratto; 4) Pagamenti; 5) Trasporto della merce; 6) Termini di consegna; 7) Garanzia; 8) Reso della merce; 9) Limitazioni e responsabilit\u00e0 del Fornitore;<br \/>\n10) Recesso; 11) Clausola risolutiva espressa; 12) Consenso al trattamento dei dati personali; 13) Varie; 14) Legge applicabile e Foro competente.<\/p>\n<p>________________________________________________<br \/>\n(Luogo, data) (Il Cliente)<\/p>\n\t\t<\/div>\n\t\t\t\t\t<\/div>\n\n\t\n<\/div>\n\t\t<\/div>\n\n\t\t\n<style>\n#section_1738608816 {\n  padding-top: 30px;\n  padding-bottom: 30px;\n}\n<\/style>\n\t<\/section>\n\t\n","protected":false},"excerpt":{"rendered":"","protected":false},"author":2,"featured_media":0,"parent":0,"menu_order":0,"comment_status":"closed","ping_status":"closed","template":"","meta":{"footnotes":""},"yoast_head":"<!-- This site is optimized with the Yoast SEO plugin v22.5 - https:\/\/yoast.com\/wordpress\/plugins\/seo\/ -->\n<title>Condizioni Generali - Dichta SA<\/title>\n<meta name=\"robots\" content=\"index, follow, max-snippet:-1, max-image-preview:large, max-video-preview:-1\" \/>\n<link rel=\"canonical\" href=\"https:\/\/dichta.com\/it\/condizioni-vendita\/\" \/>\n<meta property=\"og:locale\" content=\"it_IT\" \/>\n<meta property=\"og:type\" content=\"article\" \/>\n<meta property=\"og:title\" content=\"Condizioni Generali - Dichta SA\" \/>\n<meta property=\"og:url\" content=\"https:\/\/dichta.com\/it\/condizioni-vendita\/\" \/>\n<meta property=\"og:site_name\" content=\"Dichta SA\" \/>\n<meta name=\"twitter:card\" content=\"summary_large_image\" \/>\n<meta name=\"twitter:label1\" content=\"Tempo di lettura stimato\" \/>\n\t<meta name=\"twitter:data1\" content=\"9 minuti\" \/>\n<script type=\"application\/ld+json\" class=\"yoast-schema-graph\">{\"@context\":\"https:\/\/schema.org\",\"@graph\":[{\"@type\":\"WebPage\",\"@id\":\"https:\/\/dichta.com\/it\/condizioni-vendita\/\",\"url\":\"https:\/\/dichta.com\/it\/condizioni-vendita\/\",\"name\":\"Condizioni Generali - Dichta SA\",\"isPartOf\":{\"@id\":\"https:\/\/dichta.com\/it\/#website\"},\"datePublished\":\"2025-09-17T07:00:48+00:00\",\"dateModified\":\"2025-09-17T07:00:48+00:00\",\"breadcrumb\":{\"@id\":\"https:\/\/dichta.com\/it\/condizioni-vendita\/#breadcrumb\"},\"inLanguage\":\"it-IT\",\"potentialAction\":[{\"@type\":\"ReadAction\",\"target\":[\"https:\/\/dichta.com\/it\/condizioni-vendita\/\"]}]},{\"@type\":\"BreadcrumbList\",\"@id\":\"https:\/\/dichta.com\/it\/condizioni-vendita\/#breadcrumb\",\"itemListElement\":[{\"@type\":\"ListItem\",\"position\":1,\"name\":\"Home\",\"item\":\"https:\/\/dichta.com\/it\/\"},{\"@type\":\"ListItem\",\"position\":2,\"name\":\"Condizioni Generali\"}]},{\"@type\":\"WebSite\",\"@id\":\"https:\/\/dichta.com\/it\/#website\",\"url\":\"https:\/\/dichta.com\/it\/\",\"name\":\"Dichta SA\",\"description\":\"\",\"potentialAction\":[{\"@type\":\"SearchAction\",\"target\":{\"@type\":\"EntryPoint\",\"urlTemplate\":\"https:\/\/dichta.com\/it\/?s={search_term_string}\"},\"query-input\":\"required name=search_term_string\"}],\"inLanguage\":\"it-IT\"}]}<\/script>\n<!-- \/ Yoast SEO plugin. -->","yoast_head_json":{"title":"Condizioni Generali - Dichta SA","robots":{"index":"index","follow":"follow","max-snippet":"max-snippet:-1","max-image-preview":"max-image-preview:large","max-video-preview":"max-video-preview:-1"},"canonical":"https:\/\/dichta.com\/it\/condizioni-vendita\/","og_locale":"it_IT","og_type":"article","og_title":"Condizioni Generali - Dichta SA","og_url":"https:\/\/dichta.com\/it\/condizioni-vendita\/","og_site_name":"Dichta SA","twitter_card":"summary_large_image","twitter_misc":{"Tempo di lettura stimato":"9 minuti"},"schema":{"@context":"https:\/\/schema.org","@graph":[{"@type":"WebPage","@id":"https:\/\/dichta.com\/it\/condizioni-vendita\/","url":"https:\/\/dichta.com\/it\/condizioni-vendita\/","name":"Condizioni Generali - Dichta SA","isPartOf":{"@id":"https:\/\/dichta.com\/it\/#website"},"datePublished":"2025-09-17T07:00:48+00:00","dateModified":"2025-09-17T07:00:48+00:00","breadcrumb":{"@id":"https:\/\/dichta.com\/it\/condizioni-vendita\/#breadcrumb"},"inLanguage":"it-IT","potentialAction":[{"@type":"ReadAction","target":["https:\/\/dichta.com\/it\/condizioni-vendita\/"]}]},{"@type":"BreadcrumbList","@id":"https:\/\/dichta.com\/it\/condizioni-vendita\/#breadcrumb","itemListElement":[{"@type":"ListItem","position":1,"name":"Home","item":"https:\/\/dichta.com\/it\/"},{"@type":"ListItem","position":2,"name":"Condizioni Generali"}]},{"@type":"WebSite","@id":"https:\/\/dichta.com\/it\/#website","url":"https:\/\/dichta.com\/it\/","name":"Dichta SA","description":"","potentialAction":[{"@type":"SearchAction","target":{"@type":"EntryPoint","urlTemplate":"https:\/\/dichta.com\/it\/?s={search_term_string}"},"query-input":"required name=search_term_string"}],"inLanguage":"it-IT"}]}},"_links":{"self":[{"href":"https:\/\/dichta.com\/it\/wp-json\/wp\/v2\/pages\/3047"}],"collection":[{"href":"https:\/\/dichta.com\/it\/wp-json\/wp\/v2\/pages"}],"about":[{"href":"https:\/\/dichta.com\/it\/wp-json\/wp\/v2\/types\/page"}],"author":[{"embeddable":true,"href":"https:\/\/dichta.com\/it\/wp-json\/wp\/v2\/users\/2"}],"replies":[{"embeddable":true,"href":"https:\/\/dichta.com\/it\/wp-json\/wp\/v2\/comments?post=3047"}],"version-history":[{"count":4,"href":"https:\/\/dichta.com\/it\/wp-json\/wp\/v2\/pages\/3047\/revisions"}],"predecessor-version":[{"id":3052,"href":"https:\/\/dichta.com\/it\/wp-json\/wp\/v2\/pages\/3047\/revisions\/3052"}],"wp:attachment":[{"href":"https:\/\/dichta.com\/it\/wp-json\/wp\/v2\/media?parent=3047"}],"curies":[{"name":"wp","href":"https:\/\/api.w.org\/{rel}","templated":true}]}}