{"id":2643,"date":"2020-01-31T17:02:14","date_gmt":"2020-01-31T16:02:14","guid":{"rendered":"https:\/\/dichta.com\/privacy-policy\/"},"modified":"2023-06-07T16:33:50","modified_gmt":"2023-06-07T14:33:50","slug":"privacy-policy","status":"publish","type":"page","link":"https:\/\/dichta.com\/it\/privacy-policy\/","title":{"rendered":"Privacy Policy"},"content":{"rendered":"\t<section class=\"section\" id=\"section_682327446\">\n\t\t<div class=\"bg section-bg fill bg-fill  bg-loaded\" >\n\n\t\t\t\n\t\t\t\n\t\t\t\n\n\t\t<\/div>\n\n\t\t\n\n\t\t<div class=\"section-content relative\">\n\t\t\t\n<div class=\"row\"  id=\"row-507539357\">\n\n\t<div id=\"col-261593386\" class=\"col small-12 large-12\"  >\n\t\t\t\t<div class=\"col-inner\"  >\n\t\t\t\n\t\t\t\n<h1 style=\"text-align: center;\">PRIVACY POLICY<\/h1>\n<p><strong>Informativa sulla privacy relativa al trattamento dei dati personali del sito <span style=\"color: #ff6600;\"><a style=\"color: #ff6600;\" href=\"http:\/\/www.dichta.com\/\">www.dichta.com<\/a><\/span> <\/strong><\/p>\n<p>Ai sensi della Legge federale sulla protezione dei dati (LPD), del Regolamento (UE) 2016\/679 (GDPR) e della Direttiva 2002\/58\/CE (eDirective), Le forniamo le necessarie informazioni riguardo al trattamento dei dati personali raccolti durante la Sua esperienza sul nostro sito <span style=\"color: #ff6600;\"><a style=\"color: #ff6600;\" href=\"http:\/\/www.dichta.com\/\">www.dichta.com<\/a><\/span><\/p>\n<p><strong>1. CATEGORIE DI DATI PERSONALI OGGETTO DEL TRATTAMENTO | DEFINIZIONI<\/strong><br \/>I dati personali forniti \u2013 o altrimenti acquisiti in conformit\u00e0 delle disposizioni legislative e contrattuali in vigore \u2013 inerenti, connessi e\/o strumentali alla valutazione della Sua esperienza sul nostro sito, saranno trattati ai sensi della normativa privacy e degli obblighi di riservatezza a Lei applicabili.<\/p>\n<p>Dati personali: tutte le informazioni relative a una persona identificata o identificabile.<br \/>In particolare, effettueremo il trattamento dei seguenti dati personali: dati di navigazione (per maggiori informazioni sui dati raccolti con i Cookie, leggere l\u2019Informativa sui Cookie).<\/p>\n<p>Si precisa che i sistemi informatici preposti al funzionamento di questo sito acquisiscono, nel corso del loro normale esercizio, alcuni dati personali la cui trasmissione \u00e8 implicita nell\u2019uso dei protocolli di comunicazione di Internet. In questa categoria di dati rientrano gli indirizzi IP o i nomi a dominio dei computer e dei terminali utilizzati dagli utenti, gli indirizzi in notazione URI\/URL (Uniform Resource Identifier\/Locator) delle risorse richieste, l\u2019orario della richiesta, il metodo utilizzato nel sottoporre la richiesta al server, la dimensione del file ottenuto in risposta, il codice numerico indicante lo stato della risposta data dal server (buon fine, errore, ecc.) ed altri parametri relativi al sistema operativo e all\u2019ambiente informatico dell\u2019utente. <\/p>\n<p><strong>Persone interessate:<\/strong> persone fisiche o giuridiche i cui dati sono oggetto del trattamento (nel seguito, anche \u201cLei\u201d). <br \/><strong>Trattamento<\/strong>: qualsiasi operazione relativa ai dati personali, indipendentemente dai mezzi e dalle procedure adottati, e segnatamente la raccolta, la conservazione, l\u2019uso, la revisione, la comunicazione, l\u2019archiviazione o la distruzione dei dati.<br \/><strong>Comunicazione<\/strong>: ossia, rendere i dati personali accessibili, ad esempio consentendone l\u2019accesso, la trasmissione o la pubblicazione.<\/p>\n<p><strong>2. IDENTIT\u00c0 E CONTATTI DEL TITOLARE DEL TRATTAMENTO<\/strong><br \/>Il soggetto che determina le finalit\u00e0 e i mezzi del presente trattamento di dati personali \u00e8 DICHTA SA, una societ\u00e0 di diritto svizzero con sede in Via Sottobisio 28, 6828 Balerna (di seguito definita anche \u201cDichta\u201d o \u201cTitolare del trattamento\u201d o \u201cSociet\u00e0\u201d o \u201cnoi\u201d). <br \/>I contatti del Titolare del trattamento sono i seguenti: <span style=\"color: #ff6600;\"><a style=\"color: #ff6600;\" href=\"mailto:info.ch@dichta.com\">info.ch@dichta.com<\/a><\/span><\/p>\n<p><strong>3. SCOPO DEL TRATTAMENTO | MOTIVO GIUSTIFICATIVO | PERIODO DI CONSERVAZIONE DEI DATI<\/strong><\/p>\n<table style=\"width: 100%; float: left;\" border=\"1\" cellpadding=\"10\">\n<tbody>\n<tr>\n<td><strong> SCOPO DEL TRATTAMENTO <\/strong><\/td>\n<td><strong> MOTIVO GIUSTIFICATIVO | BASE GIURIDICA<\/strong><\/td>\n<td><strong> PERIODO DI CONSERVAZIONE DEI DATI<\/strong><\/td>\n<\/tr>\n<tr>\n<td><strong> a) Attivit\u00e0 strettamente necessarie alla navigazione dell\u2019utente su questo sito Internet e per controllare il suo corretto funzionamento.<\/strong><\/td>\n<td>Interesse Preponderante del Titolare del trattamento | Legittimo Interesse del Titolare del trattamento<\/td>\n<td> I dati saranno conservati fino al termine della sessione di navigazione. Per i dati trattati con cookie tecnici, si prega di consultare la nostra Cookie Policy <\/td>\n<\/tr>\n<tr>\n<td> b) Ottenere informazioni statistiche anonime sull\u2019uso del sito.<\/td>\n<td> Si prega di consultare la nostra Cookie Policy<\/td>\n<td> Si prega di consultare la nostra Cookie Policy<\/td>\n<\/tr>\n<\/tbody>\n<\/table>\n<p><!-- DivTable.com --><\/p>\n<p><strong>3.1 MODALIT\u00c0 DI TRATTAMENTO DEI DATI<\/strong><br \/>Il trattamento sar\u00e0 svolto in forma automatizzata e\/o manuale, con modalit\u00e0 e strumenti volti a garantire la massima sicurezza e riservatezza, ad opera di soggetti di ci\u00f2 appositamente istruiti. I dati personali raccolti verranno conservati in una forma che consenta l\u2019identificazione degli interessati per un arco di tempo non superiore al conseguimento delle finalit\u00e0 per le quali i dati personali sono trattati. <\/p>\n<p><strong>4. DESTINATARI DEI DATI PERSONALI <\/strong><br \/>Possiamo condividere le informazioni personali con i dipendenti e\/o il personale che agisce sotto l\u2019autorit\u00e0 del Titolare del trattamento (debitamente istruiti a tal fine), oltre a terzi vincolati a Dichta da rapporto contrattuale, allo scopo di adempiere gli obblighi contrattuali e di soddisfare una o pi\u00f9 delle predette finalit\u00e0 del trattamento. Tali terzi elaboreranno i dati forniti in qualit\u00e0 di responsabili del trattamento o di titolari del trattamento indipendenti. Nello specifico, possiamo condividere i dati personali raccolti con le seguenti categorie di destinatari: a) soggetti che forniscono servizi correlati al funzionamento di questo sito internet, al sistema informatico di Dichta e delle reti di telecomunicazione (per es., hosting provider, webmaster); b) societ\u00e0 di assistenza e consulenza (per es., agenzie di web&amp;digital marketing); c) autorit\u00e0 competenti per il rispetto degli obblighi di legge e\/o le disposizioni degli enti pubblici, su richiesta.     <\/p>\n<p><strong>5. TRASMISSIONE DEI DATI PERSONALI AL DI FUORI DELLA CONFEDERAZIONE <\/strong><br \/>Il sito \u00e8 basato in Germania (hosting) e, pertanto, i dati personali trattati saranno trasmessi all\u2019esterno della Confederazione Elvetica. Si specifica che, conformemente a quanto indicato dalla LPD e dall\u2019Incaricato Federale per la Protezione dei Dati e della Trasparenza, la Germania \u00e8 paese terzo che presenta garanzie adeguate per il trasferimento di dati personali. La lista dei paesi adeguati pu\u00f2 essere verificata al seguente link: <a href=\"https:\/\/www.edoeb.admin.ch\/dam\/edoeb\/fr\/dokumente\/2021\/20211115_Staatenliste_f.pdf.download.pdf\/20211115_Staatenliste_f.pdf\"><span style=\"color: #ff6600;\">https:\/\/www.edoeb.admin.ch\/dam\/edoeb\/fr\/dokumente\/2021\/20211115_Staatenliste_f.pdf.download.pdf\/20211115_Staatenliste_f.pdf<\/span> <br \/><\/a> <\/p>\n\t<div id=\"text-1506583381\" class=\"text\">\n\t\t\n<p><strong>6. DIRITTI DELL\u2019INTERESSATO<\/strong><\/p>\n<table style=\"width: 100%;\" cellpadding=\"10\" border=\"1\">\n<tbody>\n<tr valign=\"top\">\n<td>\n<p>Ai sensi della LPD, Le sono riconosciuti i seguenti diritti (lista non esauriente):<\/p>\n<ul>\n<li>ottenere la rettifica dei dati personali inesatti o obsoleti;<\/li>\n<li>essere informato\/a per iscritto e gratuitamente se i dati personali che La riguardano sono oggetto di trattamento;<\/li>\n<li>revocare il consenso al trattamento dei dati precedentemente prestato;<\/li>\n<li>prevenire la comunicazione a terzi di eventuali dati personali sensibili;<\/li>\n<li>ottenere la portabilit\u00e0 dei dati personali o richiedere che vengano trasferiti a terzi;<\/li>\n<li>richiedere la limitazione o il blocco del trattamento dei dati, la prevenzione della comunicazione dei dati a terzi o la rettifica o distruzione dei dati personali;<\/li>\n<li>richiedere il divieto di uno specifico trattamento dei dati personali e di una specifica comunicazione dei dati personali a terzi o la cancellazione o distruzione di determinati dati personali;<\/li>\n<li>qualora n\u00e9 la correttezza n\u00e9 l\u2019inesattezza dei dati personali possano essere provate, richiedere l\u2019aggiunta di una nota per indicare la contestazione;<\/li>\n<li>richiedere che la rettifica, la distruzione, il blocco, soprattutto la comunicazione a terzi, oltre alla nota sulla contestazione o sentenza venga comunicata a terzi o pubblicata;<\/li>\n<li>far dichiarare l\u2019illegittimit\u00e0 del trattamento dei dati personali.<\/li>\n<\/ul>\n<\/td>\n<td>\n<p>Ai sensi del GDPR, Le sono riconosciuti i seguenti diritti:<\/p>\n<ul>\n<li>Ottenere dal titolare del trattamento la conferma che sia o meno in corso un trattamento di dati personali che la riguardano e in tal caso, di ottenere l&#8217;accesso ai dati personali (Accesso);<\/li>\n<li>Ottenere dal titolare del trattamento la rettifica dei dati personali inesatti che lo riguardano (Rettifica);<\/li>\n<li>Ottenere dal titolare del trattamento la cancellazione dei dati personali che lo riguardano (Cancellazione);<\/li>\n<li>Ottenere dal titolare del trattamento la limitazione del trattamento (Limitazione);<\/li>\n<li>Ricevere in un formato strutturato, di uso comune e leggibile da dispositivo automatico i dati personali che la riguardano forniti a un titolare del trattamento e ha il diritto di trasmettere tali dati a un altro titolare del trattamento senza impedimenti da parte del titolare del trattamento cui li ha forniti (Portabilit\u00e0);<\/li>\n<li>Opporsi in qualsiasi momento, per motivi connessi alla sua situazione particolare, al trattamento dei dati personali che lo riguardano (Opposizione).<\/li>\n<\/ul>\n<\/td>\n<\/tr>\n<\/tbody>\n<\/table>\n<p><!-- DivTable.com --><\/p>\n\t\t\n<style>\n#text-1506583381 {\n  color: rgb(0, 0, 0);\n}\n#text-1506583381 > * {\n  color: rgb(0, 0, 0);\n}\n<\/style>\n\t<\/div>\n\t\n<p>Riservato ogni altro ricorso amministrativo e giurisdizionale, se l\u2019utente ritiene che il trattamento dei dati che lo riguarda violi quanto previsto dalla LPD e dal GDPR, ha il diritto di proporre reclamo alla competente Autorit\u00e0 di controllo (Per la Svizzera: Incaricato Federale per la Protezione dei dati e per la Trasparenza; per lo Spazio Economico Europeo, si pu\u00f2 consultare il sito web dell\u2019European Data Protection Board qui <span style=\"color: #ff6600;\"><a style=\"color: #ff6600;\" href=\"https:\/\/edpb.europa.eu\/about-edpb\/about-edpb\/members_en\">https:\/\/edpb.europa.eu\/about-edpb\/about-edpb\/members_it<\/a><\/span>).<\/p>\n<p>Pu\u00f2 esercitare i Suoi diritti ai sensi della LPD e del GDPR (per quanto applicabili) contattando il Titolare del trattamento scrivendo agli indirizzi sopra indicati.<\/p>\n<p><strong>6.1 INFORMAZIONI PER I RESIDENTI DELLA CALIFORNIA SECONDO IL \u201cCALIFORNIA CONSUMER PRIVACY ACT NOTICE\u201d (CCPA)<\/strong><br \/>Lei ha il diritto di richiedere che le vengano comunicate: (i) le categorie di dati personali che abbiamo raccolto su di lei e le categorie di fonti da cui abbiamo raccolto tali informazioni; (ii) le informazioni personali che abbiamo raccolto su di lei; (iii) la finalit\u00e0 aziendale o commerciale per la raccolta di informazioni personali su di lei; e (iv) le categorie di informazioni personali su di lei che abbiamo condiviso o divulgato e le categorie di terze parti con cui abbiamo condiviso o a cui abbiamo divulgato tali informazioni nei 12 mesi precedenti. Lei ha anche il diritto di richiedere la cancellazione dei dati personali che abbiamo raccolto, fatte salve alcune eccezioni. Lei ha anche il diritto di non subire discriminazioni nei prezzi e nei servizi da offerti, a causa dell&#8217;esercizio di uno dei suoi diritti ai sensi del CCPA.      <\/p>\n<p><strong>7. INFORMAZIONI AGGIUNTIVE | MODIFICHE | AGGIORNAMENTI<\/strong><br \/>Non vendiamo i dati personali che trattiamo.<\/p>\n<p>Il Titolare del trattamento si riserva il diritto di rivedere, aggiornare, aggiungere o rimuovere qualsiasi parte della presente informativa sulla privacy a propria discrezione in qualsiasi momento. In caso di modifiche, verr\u00e0 indicata la data di aggiornamento. <\/p>\n<p><strong>Data dell\u2019ultimo aggiornamento:<\/strong> 5 ottobre 2022<\/p>\n\t\t<\/div>\n\t\t\t\t\t<\/div>\n\n\t\n<\/div>\n\t\t<\/div>\n\n\t\t\n<style>\n#section_682327446 {\n  padding-top: 30px;\n  padding-bottom: 30px;\n}\n<\/style>\n\t<\/section>\n\t\n","protected":false},"excerpt":{"rendered":"","protected":false},"author":1,"featured_media":0,"parent":0,"menu_order":0,"comment_status":"closed","ping_status":"closed","template":"","meta":{"footnotes":""},"yoast_head":"<!-- This site is optimized with the Yoast SEO plugin v22.5 - https:\/\/yoast.com\/wordpress\/plugins\/seo\/ -->\n<title>Privacy Policy - Dichta SA<\/title>\n<meta name=\"robots\" content=\"index, follow, max-snippet:-1, max-image-preview:large, max-video-preview:-1\" \/>\n<link rel=\"canonical\" href=\"https:\/\/dichta.com\/it\/privacy-policy\/\" \/>\n<meta property=\"og:locale\" content=\"it_IT\" \/>\n<meta property=\"og:type\" content=\"article\" \/>\n<meta property=\"og:title\" content=\"Privacy Policy - Dichta SA\" \/>\n<meta property=\"og:url\" content=\"https:\/\/dichta.com\/it\/privacy-policy\/\" \/>\n<meta property=\"og:site_name\" content=\"Dichta SA\" \/>\n<meta property=\"article:modified_time\" content=\"2023-06-07T14:33:50+00:00\" \/>\n<meta name=\"twitter:card\" content=\"summary_large_image\" \/>\n<meta name=\"twitter:label1\" content=\"Tempo di lettura stimato\" \/>\n\t<meta name=\"twitter:data1\" content=\"7 minuti\" \/>\n<script type=\"application\/ld+json\" class=\"yoast-schema-graph\">{\"@context\":\"https:\/\/schema.org\",\"@graph\":[{\"@type\":\"WebPage\",\"@id\":\"https:\/\/dichta.com\/it\/privacy-policy\/\",\"url\":\"https:\/\/dichta.com\/it\/privacy-policy\/\",\"name\":\"Privacy Policy - Dichta SA\",\"isPartOf\":{\"@id\":\"https:\/\/dichta.com\/it\/#website\"},\"datePublished\":\"2020-01-31T16:02:14+00:00\",\"dateModified\":\"2023-06-07T14:33:50+00:00\",\"breadcrumb\":{\"@id\":\"https:\/\/dichta.com\/it\/privacy-policy\/#breadcrumb\"},\"inLanguage\":\"it-IT\",\"potentialAction\":[{\"@type\":\"ReadAction\",\"target\":[\"https:\/\/dichta.com\/it\/privacy-policy\/\"]}]},{\"@type\":\"BreadcrumbList\",\"@id\":\"https:\/\/dichta.com\/it\/privacy-policy\/#breadcrumb\",\"itemListElement\":[{\"@type\":\"ListItem\",\"position\":1,\"name\":\"Home\",\"item\":\"https:\/\/dichta.com\/it\/\"},{\"@type\":\"ListItem\",\"position\":2,\"name\":\"Privacy Policy\"}]},{\"@type\":\"WebSite\",\"@id\":\"https:\/\/dichta.com\/it\/#website\",\"url\":\"https:\/\/dichta.com\/it\/\",\"name\":\"Dichta SA\",\"description\":\"\",\"potentialAction\":[{\"@type\":\"SearchAction\",\"target\":{\"@type\":\"EntryPoint\",\"urlTemplate\":\"https:\/\/dichta.com\/it\/?s={search_term_string}\"},\"query-input\":\"required name=search_term_string\"}],\"inLanguage\":\"it-IT\"}]}<\/script>\n<!-- \/ Yoast SEO plugin. -->","yoast_head_json":{"title":"Privacy Policy - Dichta SA","robots":{"index":"index","follow":"follow","max-snippet":"max-snippet:-1","max-image-preview":"max-image-preview:large","max-video-preview":"max-video-preview:-1"},"canonical":"https:\/\/dichta.com\/it\/privacy-policy\/","og_locale":"it_IT","og_type":"article","og_title":"Privacy Policy - Dichta SA","og_url":"https:\/\/dichta.com\/it\/privacy-policy\/","og_site_name":"Dichta SA","article_modified_time":"2023-06-07T14:33:50+00:00","twitter_card":"summary_large_image","twitter_misc":{"Tempo di lettura stimato":"7 minuti"},"schema":{"@context":"https:\/\/schema.org","@graph":[{"@type":"WebPage","@id":"https:\/\/dichta.com\/it\/privacy-policy\/","url":"https:\/\/dichta.com\/it\/privacy-policy\/","name":"Privacy Policy - Dichta SA","isPartOf":{"@id":"https:\/\/dichta.com\/it\/#website"},"datePublished":"2020-01-31T16:02:14+00:00","dateModified":"2023-06-07T14:33:50+00:00","breadcrumb":{"@id":"https:\/\/dichta.com\/it\/privacy-policy\/#breadcrumb"},"inLanguage":"it-IT","potentialAction":[{"@type":"ReadAction","target":["https:\/\/dichta.com\/it\/privacy-policy\/"]}]},{"@type":"BreadcrumbList","@id":"https:\/\/dichta.com\/it\/privacy-policy\/#breadcrumb","itemListElement":[{"@type":"ListItem","position":1,"name":"Home","item":"https:\/\/dichta.com\/it\/"},{"@type":"ListItem","position":2,"name":"Privacy Policy"}]},{"@type":"WebSite","@id":"https:\/\/dichta.com\/it\/#website","url":"https:\/\/dichta.com\/it\/","name":"Dichta SA","description":"","potentialAction":[{"@type":"SearchAction","target":{"@type":"EntryPoint","urlTemplate":"https:\/\/dichta.com\/it\/?s={search_term_string}"},"query-input":"required name=search_term_string"}],"inLanguage":"it-IT"}]}},"_links":{"self":[{"href":"https:\/\/dichta.com\/it\/wp-json\/wp\/v2\/pages\/2643"}],"collection":[{"href":"https:\/\/dichta.com\/it\/wp-json\/wp\/v2\/pages"}],"about":[{"href":"https:\/\/dichta.com\/it\/wp-json\/wp\/v2\/types\/page"}],"author":[{"embeddable":true,"href":"https:\/\/dichta.com\/it\/wp-json\/wp\/v2\/users\/1"}],"replies":[{"embeddable":true,"href":"https:\/\/dichta.com\/it\/wp-json\/wp\/v2\/comments?post=2643"}],"version-history":[{"count":2,"href":"https:\/\/dichta.com\/it\/wp-json\/wp\/v2\/pages\/2643\/revisions"}],"predecessor-version":[{"id":2645,"href":"https:\/\/dichta.com\/it\/wp-json\/wp\/v2\/pages\/2643\/revisions\/2645"}],"wp:attachment":[{"href":"https:\/\/dichta.com\/it\/wp-json\/wp\/v2\/media?parent=2643"}],"curies":[{"name":"wp","href":"https:\/\/api.w.org\/{rel}","templated":true}]}}