{"id":2461,"date":"2021-07-30T16:05:01","date_gmt":"2021-07-30T14:05:01","guid":{"rendered":"https:\/\/dichta.com\/prodotti\/tenute-a-pacco-alta-pressione\/"},"modified":"2023-12-12T15:14:54","modified_gmt":"2023-12-12T14:14:54","slug":"tenute-a-pacco-alta-pressione","status":"publish","type":"page","link":"https:\/\/dichta.com\/it\/prodotti\/tenute-a-pacco-alta-pressione\/","title":{"rendered":"Tenute a pacco (alta pressione)"},"content":{"rendered":"\n  <div class=\"banner has-hover\" id=\"banner-641639044\">\n          <div class=\"banner-inner fill\">\n        <div class=\"banner-bg fill\" >\n            <div class=\"bg fill bg-fill \"><\/div>\n                                    \n                    <\/div>\n\t\t\n        <div class=\"banner-layers container\">\n            <div class=\"fill banner-link\"><\/div>            \n        <\/div>\n      <\/div>\n\n            \n<style>\n#banner-641639044 {\n  padding-top: 350px;\n}\n#banner-641639044 .bg.bg-loaded {\n  background-image: url(https:\/\/dichta.com\/wp-content\/uploads\/2023\/01\/Packing-Seals-High-Pressure.webp);\n}\n#banner-641639044 .bg {\n  background-position: 72% 67%;\n}\n<\/style>\n  <\/div>\n\n\n\t<section class=\"section\" id=\"section_1220036932\">\n\t\t<div class=\"bg section-bg fill bg-fill  bg-loaded\" >\n\n\t\t\t\n\t\t\t\n\t\t\t\n\n\t\t<\/div>\n\n\t\t\n\n\t\t<div class=\"section-content relative\">\n\t\t\t\n<div class=\"row align-middle align-center\"  id=\"row-595925070\">\n\n\t<div id=\"col-278377317\" class=\"col small-10 large-12\"  >\n\t\t\t\t<div class=\"col-inner text-left\"  >\n\t\t\t\n\t\t\t\n\t<div id=\"text-3763028874\" class=\"text\">\n\t\t\n<h1>Tenute a pacco (alta pressione)<\/h1>\n\t\t\n<style>\n#text-3763028874 {\n  font-size: 1.5rem;\n  text-align: center;\n  color: #e88341;\n}\n#text-3763028874 > * {\n  color: #e88341;\n}\n<\/style>\n\t<\/div>\n\t\n<p>TO e TG sono tenute a pacco composte da anelli a labbro in tessuto di cotone rinforzati con elastomeri. Queste tenute a pacco sono utilizzabili per movimento reciproco con alta pressione e possono essere montate sia su stelo che su pistone.<\/p>\n<p>Sono disponibili in una variet\u00e0 di versioni che copre tutte le applicazioni dalle pi\u00f9 leggere alle pi\u00f9 impegnative.<\/p>\n\t\t<\/div>\n\t\t\t\t\t<\/div>\n\n\t\n<\/div>\n\t\t<\/div>\n\n\t\t\n<style>\n#section_1220036932 {\n  padding-top: 30px;\n  padding-bottom: 30px;\n}\n<\/style>\n\t<\/section>\n\t\n\t<section class=\"section\" id=\"section_1717504437\">\n\t\t<div class=\"bg section-bg fill bg-fill  bg-loaded\" >\n\n\t\t\t\n\t\t\t\n\t\t\t\n\n\t\t<\/div>\n\n\t\t\n\n\t\t<div class=\"section-content relative\">\n\t\t\t\n<div class=\"row align-center\"  id=\"row-246088501\">\n\n\t<div id=\"col-1059310389\" class=\"col flex-row-profiles small-12 large-12\"  >\n\t\t\t\t<div class=\"col-inner text-left\"  >\n\t\t\t\n\t\t\t\n        <div id=\"col-776699627\" class=\"col medium-4 small-12 large-2\">\r\n         <div style=\"display:block;\" class=\"col-inner\">\r\n            <div style=\"width:100%;\" class=\"img has-hover x md-x lg-x y md-y lg-y\">\r\n               <div class=\"img-inner dark\">\r\n                  <img decoding=\"async\" width=\"100%\" height=\"400\" src=\"https:\/\/dichta.com\/wp-content\/uploads\/2022\/04\/TO3.jpg\" class=\"attachment-original size-original\" alt=\"\" loading=\"lazy\">\r\n               <\/div>\r\n            <\/div>\r\n            <a rel=\"noopener noreferrer\" href=\"\" target=\"_blank\" class=\"button primary expand\">\r\n            <span>TO3<\/span>\r\n          <\/a>\r\n                    <\/div>\r\n<\/div>\r\n                  <div id=\"col-1274605496\" class=\"col medium-4 small-12 large-2\">\r\n         <div style=\"display:block;\" class=\"col-inner\">\r\n            <div style=\"width:100%;\" class=\"img has-hover x md-x lg-x y md-y lg-y\">\r\n               <div class=\"img-inner dark\">\r\n                  <img decoding=\"async\" width=\"100%\" height=\"400\" src=\"https:\/\/dichta.com\/wp-content\/uploads\/2022\/04\/TO4.jpg\" class=\"attachment-original size-original\" alt=\"\" loading=\"lazy\">\r\n               <\/div>\r\n            <\/div>\r\n            <a rel=\"noopener noreferrer\" href=\"\" target=\"_blank\" class=\"button primary expand\">\r\n            <span>TO4<\/span>\r\n          <\/a>\r\n                    <\/div>\r\n<\/div>\r\n                  <div id=\"col-346534663\" class=\"col medium-4 small-12 large-2\">\r\n         <div style=\"display:block;\" class=\"col-inner\">\r\n            <div style=\"width:100%;\" class=\"img has-hover x md-x lg-x y md-y lg-y\">\r\n               <div class=\"img-inner dark\">\r\n                  <img decoding=\"async\" width=\"100%\" height=\"400\" src=\"https:\/\/dichta.com\/wp-content\/uploads\/2022\/04\/TG4.jpg\" class=\"attachment-original size-original\" alt=\"\" loading=\"lazy\">\r\n               <\/div>\r\n            <\/div>\r\n            <a rel=\"noopener noreferrer\" href=\"\" target=\"_blank\" class=\"button primary expand\">\r\n            <span>TG4<\/span>\r\n          <\/a>\r\n                    <\/div>\r\n<\/div>\r\n                  <div id=\"col-2006784887\" class=\"col medium-4 small-12 large-2\">\r\n         <div style=\"display:block;\" class=\"col-inner\">\r\n            <div style=\"width:100%;\" class=\"img has-hover x md-x lg-x y md-y lg-y\">\r\n               <div class=\"img-inner dark\">\r\n                  <img decoding=\"async\" width=\"100%\" height=\"400\" src=\"https:\/\/dichta.com\/wp-content\/uploads\/2022\/04\/TO5.jpg\" class=\"attachment-original size-original\" alt=\"\" loading=\"lazy\">\r\n               <\/div>\r\n            <\/div>\r\n            <a rel=\"noopener noreferrer\" href=\"\" target=\"_blank\" class=\"button primary expand\">\r\n            <span>TO5<\/span>\r\n          <\/a>\r\n                    <\/div>\r\n<\/div>\r\n                  <div id=\"col-84081363\" class=\"col medium-4 small-12 large-2\">\r\n         <div style=\"display:block;\" class=\"col-inner\">\r\n            <div style=\"width:100%;\" class=\"img has-hover x md-x lg-x y md-y lg-y\">\r\n               <div class=\"img-inner dark\">\r\n                  <img decoding=\"async\" width=\"100%\" height=\"400\" src=\"https:\/\/dichta.com\/wp-content\/uploads\/2022\/04\/TG5.jpg\" class=\"attachment-original size-original\" alt=\"\" loading=\"lazy\">\r\n               <\/div>\r\n            <\/div>\r\n            <a rel=\"noopener noreferrer\" href=\"\" target=\"_blank\" class=\"button primary expand\">\r\n            <span>TG5<\/span>\r\n          <\/a>\r\n                    <\/div>\r\n<\/div>\r\n                  <div id=\"col-925210421\" class=\"col medium-4 small-12 large-2\">\r\n         <div style=\"display:block;\" class=\"col-inner\">\r\n            <div style=\"width:100%;\" class=\"img has-hover x md-x lg-x y md-y lg-y\">\r\n               <div class=\"img-inner dark\">\r\n                  <img decoding=\"async\" width=\"100%\" height=\"400\" src=\"https:\/\/dichta.com\/wp-content\/uploads\/2022\/04\/TO6.jpg\" class=\"attachment-original size-original\" alt=\"\" loading=\"lazy\">\r\n               <\/div>\r\n            <\/div>\r\n            <a rel=\"noopener noreferrer\" href=\"\" target=\"_blank\" class=\"button primary expand\">\r\n            <span>TO6<\/span>\r\n          <\/a>\r\n                    <\/div>\r\n<\/div>\r\n                  <div id=\"col-1927024202\" class=\"col medium-4 small-12 large-2\">\r\n         <div style=\"display:block;\" class=\"col-inner\">\r\n            <div style=\"width:100%;\" class=\"img has-hover x md-x lg-x y md-y lg-y\">\r\n               <div class=\"img-inner dark\">\r\n                  <img decoding=\"async\" width=\"100%\" height=\"400\" src=\"https:\/\/dichta.com\/wp-content\/uploads\/2022\/04\/TG6.jpg\" class=\"attachment-original size-original\" alt=\"\" loading=\"lazy\">\r\n               <\/div>\r\n            <\/div>\r\n            <a rel=\"noopener noreferrer\" href=\"\" target=\"_blank\" class=\"button primary expand\">\r\n            <span>TG6<\/span>\r\n          <\/a>\r\n                    <\/div>\r\n<\/div>\r\n                  <div id=\"col-958395143\" class=\"col medium-4 small-12 large-2\">\r\n         <div style=\"display:block;\" class=\"col-inner\">\r\n            <div style=\"width:100%;\" class=\"img has-hover x md-x lg-x y md-y lg-y\">\r\n               <div class=\"img-inner dark\">\r\n                  <img decoding=\"async\" width=\"100%\" height=\"400\" src=\"https:\/\/dichta.com\/wp-content\/uploads\/2022\/04\/TO7.jpg\" class=\"attachment-original size-original\" alt=\"\" loading=\"lazy\">\r\n               <\/div>\r\n            <\/div>\r\n            <a rel=\"noopener noreferrer\" href=\"\" target=\"_blank\" class=\"button primary expand\">\r\n            <span>TO7<\/span>\r\n          <\/a>\r\n                    <\/div>\r\n<\/div>\r\n                  <div id=\"col-491052548\" class=\"col medium-4 small-12 large-2\">\r\n         <div style=\"display:block;\" class=\"col-inner\">\r\n            <div style=\"width:100%;\" class=\"img has-hover x md-x lg-x y md-y lg-y\">\r\n               <div class=\"img-inner dark\">\r\n                  <img decoding=\"async\" width=\"100%\" height=\"400\" src=\"https:\/\/dichta.com\/wp-content\/uploads\/2022\/04\/TG7.jpg\" class=\"attachment-original size-original\" alt=\"\" loading=\"lazy\">\r\n               <\/div>\r\n            <\/div>\r\n            <a rel=\"noopener noreferrer\" href=\"\" target=\"_blank\" class=\"button primary expand\">\r\n            <span>TG7<\/span>\r\n          <\/a>\r\n                    <\/div>\r\n<\/div>\r\n                  <div id=\"col-1013057983\" class=\"col medium-4 small-12 large-2\">\r\n         <div style=\"display:block;\" class=\"col-inner\">\r\n            <div style=\"width:100%;\" class=\"img has-hover x md-x lg-x y md-y lg-y\">\r\n               <div class=\"img-inner dark\">\r\n                  <img decoding=\"async\" width=\"100%\" height=\"400\" src=\"https:\/\/dichta.com\/wp-content\/uploads\/2022\/04\/TO7-1.jpg\" class=\"attachment-original size-original\" alt=\"\" loading=\"lazy\">\r\n               <\/div>\r\n            <\/div>\r\n            <a rel=\"noopener noreferrer\" href=\"\" target=\"_blank\" class=\"button primary expand\">\r\n            <span>TO 7\/1<\/span>\r\n          <\/a>\r\n                    <\/div>\r\n<\/div>\r\n                  <div id=\"col-2063231586\" class=\"col medium-4 small-12 large-2\">\r\n         <div style=\"display:block;\" class=\"col-inner\">\r\n            <div style=\"width:100%;\" class=\"img has-hover x md-x lg-x y md-y lg-y\">\r\n               <div class=\"img-inner dark\">\r\n                  <img decoding=\"async\" width=\"100%\" height=\"400\" src=\"https:\/\/dichta.com\/wp-content\/uploads\/2022\/04\/W.jpg\" class=\"attachment-original size-original\" alt=\"\" loading=\"lazy\">\r\n               <\/div>\r\n            <\/div>\r\n            <a rel=\"noopener noreferrer\" href=\"\" target=\"_blank\" class=\"button primary expand\">\r\n            <span>W<\/span>\r\n          <\/a>\r\n                    <\/div>\r\n<\/div>\r\n                  <div id=\"col-1226674104\" class=\"col medium-4 small-12 large-2\">\r\n         <div style=\"display:block;\" class=\"col-inner\">\r\n            <div style=\"width:100%;\" class=\"img has-hover x md-x lg-x y md-y lg-y\">\r\n               <div class=\"img-inner dark\">\r\n                  <img decoding=\"async\" width=\"100%\" height=\"400\" src=\"https:\/\/dichta.com\/wp-content\/uploads\/2022\/04\/BL-PACKING.jpg\" class=\"attachment-original size-original\" alt=\"\" loading=\"lazy\">\r\n               <\/div>\r\n            <\/div>\r\n            <a rel=\"noopener noreferrer\" href=\"\" target=\"_blank\" class=\"button primary expand\">\r\n            <span>BL PACKING<\/span>\r\n          <\/a>\r\n                    <\/div>\r\n<\/div>\r\n          \n\t\t<\/div>\n\t\t\t\t\t<\/div>\n\n\t\n\r\n  <div class=\"col small-12 large-12\">\r\n     <div class=\"col-inner text-center\">\r\n        <a rel=\"noopener noreferrer\" href=\"https:\/\/dichta.com\/wp-content\/uploads\/2023\/01\/DICHTA\u00ae-General-Catalogue.pdf\" target=\"_blank\" class=\"button primary is-large\" style=\"border-radius:99px;\">\r\n        <span>Download Catalogo<\/span>\r\n        <\/a>\r\n     <\/div>\r\n  <\/div>\r\n\r\n  \n<\/div>\n\t\t<\/div>\n\n\t\t\n<style>\n#section_1717504437 {\n  padding-top: 30px;\n  padding-bottom: 30px;\n  background-color: rgb(246, 246, 246);\n}\n<\/style>\n\t<\/section>\n\t\n","protected":false},"excerpt":{"rendered":"","protected":false},"author":1,"featured_media":0,"parent":2396,"menu_order":0,"comment_status":"closed","ping_status":"closed","template":"","meta":{"footnotes":""},"yoast_head":"<!-- This site is optimized with the Yoast SEO plugin v22.5 - https:\/\/yoast.com\/wordpress\/plugins\/seo\/ -->\n<title>Tenute a pacco (alta pressione) - Dichta SA<\/title>\n<meta name=\"robots\" content=\"index, follow, max-snippet:-1, max-image-preview:large, max-video-preview:-1\" \/>\n<link rel=\"canonical\" href=\"https:\/\/dichta.com\/it\/prodotti\/tenute-a-pacco-alta-pressione\/\" \/>\n<meta property=\"og:locale\" content=\"it_IT\" \/>\n<meta property=\"og:type\" content=\"article\" \/>\n<meta property=\"og:title\" content=\"Tenute a pacco (alta pressione) - Dichta SA\" \/>\n<meta property=\"og:url\" content=\"https:\/\/dichta.com\/it\/prodotti\/tenute-a-pacco-alta-pressione\/\" \/>\n<meta property=\"og:site_name\" content=\"Dichta SA\" \/>\n<meta property=\"article:modified_time\" content=\"2023-12-12T14:14:54+00:00\" \/>\n<meta name=\"twitter:card\" content=\"summary_large_image\" \/>\n<meta name=\"twitter:label1\" content=\"Tempo di lettura stimato\" \/>\n\t<meta name=\"twitter:data1\" content=\"1 minuto\" \/>\n<script type=\"application\/ld+json\" class=\"yoast-schema-graph\">{\"@context\":\"https:\/\/schema.org\",\"@graph\":[{\"@type\":\"WebPage\",\"@id\":\"https:\/\/dichta.com\/it\/prodotti\/tenute-a-pacco-alta-pressione\/\",\"url\":\"https:\/\/dichta.com\/it\/prodotti\/tenute-a-pacco-alta-pressione\/\",\"name\":\"Tenute a pacco (alta pressione) - Dichta SA\",\"isPartOf\":{\"@id\":\"https:\/\/dichta.com\/it\/#website\"},\"datePublished\":\"2021-07-30T14:05:01+00:00\",\"dateModified\":\"2023-12-12T14:14:54+00:00\",\"breadcrumb\":{\"@id\":\"https:\/\/dichta.com\/it\/prodotti\/tenute-a-pacco-alta-pressione\/#breadcrumb\"},\"inLanguage\":\"it-IT\",\"potentialAction\":[{\"@type\":\"ReadAction\",\"target\":[\"https:\/\/dichta.com\/it\/prodotti\/tenute-a-pacco-alta-pressione\/\"]}]},{\"@type\":\"BreadcrumbList\",\"@id\":\"https:\/\/dichta.com\/it\/prodotti\/tenute-a-pacco-alta-pressione\/#breadcrumb\",\"itemListElement\":[{\"@type\":\"ListItem\",\"position\":1,\"name\":\"Home\",\"item\":\"https:\/\/dichta.com\/it\/\"},{\"@type\":\"ListItem\",\"position\":2,\"name\":\"Prodotti\",\"item\":\"https:\/\/dichta.com\/it\/prodotti\/\"},{\"@type\":\"ListItem\",\"position\":3,\"name\":\"Tenute a pacco (alta pressione)\"}]},{\"@type\":\"WebSite\",\"@id\":\"https:\/\/dichta.com\/it\/#website\",\"url\":\"https:\/\/dichta.com\/it\/\",\"name\":\"Dichta SA\",\"description\":\"\",\"potentialAction\":[{\"@type\":\"SearchAction\",\"target\":{\"@type\":\"EntryPoint\",\"urlTemplate\":\"https:\/\/dichta.com\/it\/?s={search_term_string}\"},\"query-input\":\"required name=search_term_string\"}],\"inLanguage\":\"it-IT\"}]}<\/script>\n<!-- \/ Yoast SEO plugin. -->","yoast_head_json":{"title":"Tenute a pacco (alta pressione) - Dichta SA","robots":{"index":"index","follow":"follow","max-snippet":"max-snippet:-1","max-image-preview":"max-image-preview:large","max-video-preview":"max-video-preview:-1"},"canonical":"https:\/\/dichta.com\/it\/prodotti\/tenute-a-pacco-alta-pressione\/","og_locale":"it_IT","og_type":"article","og_title":"Tenute a pacco (alta pressione) - Dichta SA","og_url":"https:\/\/dichta.com\/it\/prodotti\/tenute-a-pacco-alta-pressione\/","og_site_name":"Dichta SA","article_modified_time":"2023-12-12T14:14:54+00:00","twitter_card":"summary_large_image","twitter_misc":{"Tempo di lettura stimato":"1 minuto"},"schema":{"@context":"https:\/\/schema.org","@graph":[{"@type":"WebPage","@id":"https:\/\/dichta.com\/it\/prodotti\/tenute-a-pacco-alta-pressione\/","url":"https:\/\/dichta.com\/it\/prodotti\/tenute-a-pacco-alta-pressione\/","name":"Tenute a pacco (alta pressione) - Dichta SA","isPartOf":{"@id":"https:\/\/dichta.com\/it\/#website"},"datePublished":"2021-07-30T14:05:01+00:00","dateModified":"2023-12-12T14:14:54+00:00","breadcrumb":{"@id":"https:\/\/dichta.com\/it\/prodotti\/tenute-a-pacco-alta-pressione\/#breadcrumb"},"inLanguage":"it-IT","potentialAction":[{"@type":"ReadAction","target":["https:\/\/dichta.com\/it\/prodotti\/tenute-a-pacco-alta-pressione\/"]}]},{"@type":"BreadcrumbList","@id":"https:\/\/dichta.com\/it\/prodotti\/tenute-a-pacco-alta-pressione\/#breadcrumb","itemListElement":[{"@type":"ListItem","position":1,"name":"Home","item":"https:\/\/dichta.com\/it\/"},{"@type":"ListItem","position":2,"name":"Prodotti","item":"https:\/\/dichta.com\/it\/prodotti\/"},{"@type":"ListItem","position":3,"name":"Tenute a pacco (alta pressione)"}]},{"@type":"WebSite","@id":"https:\/\/dichta.com\/it\/#website","url":"https:\/\/dichta.com\/it\/","name":"Dichta SA","description":"","potentialAction":[{"@type":"SearchAction","target":{"@type":"EntryPoint","urlTemplate":"https:\/\/dichta.com\/it\/?s={search_term_string}"},"query-input":"required name=search_term_string"}],"inLanguage":"it-IT"}]}},"_links":{"self":[{"href":"https:\/\/dichta.com\/it\/wp-json\/wp\/v2\/pages\/2461"}],"collection":[{"href":"https:\/\/dichta.com\/it\/wp-json\/wp\/v2\/pages"}],"about":[{"href":"https:\/\/dichta.com\/it\/wp-json\/wp\/v2\/types\/page"}],"author":[{"embeddable":true,"href":"https:\/\/dichta.com\/it\/wp-json\/wp\/v2\/users\/1"}],"replies":[{"embeddable":true,"href":"https:\/\/dichta.com\/it\/wp-json\/wp\/v2\/comments?post=2461"}],"version-history":[{"count":5,"href":"https:\/\/dichta.com\/it\/wp-json\/wp\/v2\/pages\/2461\/revisions"}],"predecessor-version":[{"id":2859,"href":"https:\/\/dichta.com\/it\/wp-json\/wp\/v2\/pages\/2461\/revisions\/2859"}],"up":[{"embeddable":true,"href":"https:\/\/dichta.com\/it\/wp-json\/wp\/v2\/pages\/2396"}],"wp:attachment":[{"href":"https:\/\/dichta.com\/it\/wp-json\/wp\/v2\/media?parent=2461"}],"curies":[{"name":"wp","href":"https:\/\/api.w.org\/{rel}","templated":true}]}}