{"id":2430,"date":"2020-03-13T11:26:27","date_gmt":"2020-03-13T10:26:27","guid":{"rendered":"https:\/\/dichta.com\/prodotti\/frontseal-v-rings\/"},"modified":"2023-12-12T15:00:11","modified_gmt":"2023-12-12T14:00:11","slug":"frontseal-v-rings","status":"publish","type":"page","link":"https:\/\/dichta.com\/it\/prodotti\/frontseal-v-rings\/","title":{"rendered":"Frontseal V-Rings"},"content":{"rendered":"\n  <div class=\"banner has-hover\" id=\"banner-33432254\">\n          <div class=\"banner-inner fill\">\n        <div class=\"banner-bg fill\" >\n            <div class=\"bg fill bg-fill \"><\/div>\n                                    \n                    <\/div>\n\t\t\n        <div class=\"banner-layers container\">\n            <div class=\"fill banner-link\"><\/div>            \n        <\/div>\n      <\/div>\n\n            \n<style>\n#banner-33432254 {\n  padding-top: 300px;\n}\n#banner-33432254 .bg.bg-loaded {\n  background-image: url(https:\/\/dichta.com\/wp-content\/uploads\/2021\/09\/DSC_8122-scaled.jpg);\n}\n#banner-33432254 .bg {\n  background-position: 46% 40%;\n}\n<\/style>\n  <\/div>\n\n\n\t<section class=\"section\" id=\"section_676926692\">\n\t\t<div class=\"bg section-bg fill bg-fill  bg-loaded\" >\n\n\t\t\t\n\t\t\t\n\t\t\t\n\n\t\t<\/div>\n\n\t\t\n\n\t\t<div class=\"section-content relative\">\n\t\t\t\n<div class=\"row align-middle align-center\"  id=\"row-1532266147\">\n\n\t<div id=\"col-226796433\" class=\"col small-10 large-12\"  >\n\t\t\t\t<div class=\"col-inner text-left\"  >\n\t\t\t\n\t\t\t\n\t<div id=\"text-2993206712\" class=\"text\">\n\t\t\n<h1>Frontseals<span style=\"font-size: 16px; vertical-align: top;\">\u00ae<\/span><\/h1>\n\t\t\n<style>\n#text-2993206712 {\n  font-size: 1.5rem;\n  text-align: center;\n  color: #e88341;\n}\n#text-2993206712 > * {\n  color: #e88341;\n}\n<\/style>\n\t<\/div>\n\t\n<p><strong>Frontseals<\/strong><span style=\"font-size: 11px; vertical-align: top;\">\u00ae<\/span> \u00e8 un marchio registrato di Dichta SA usato per identificare la propria produzione di V-rings.<\/p>\n<p>Frontseals<span style=\"font-size: 11px; vertical-align: top;\">\u00ae<\/span> sono una tenuta frontale completamente realizzata in elastomero per alberi e cuscinetti. Queste, ruotando insieme all\u2019albero, fanno tenuta contro una superficie perpendicolare che si oppone al labbro di tenuta e ne costituisce la pista di strisciamento.<\/p>\n<p>Queste guarnizioni sono impiegate in molteplici campi e sono efficaci contro polvere e sporco, schizzi di olio, acqua o altri media.<\/p>\n<p>Grazie al processo di giunzione vulcanizzata a caldo, oltre alle misure standard prodotte da stampo le possibilit\u00e0 dimensionali sono praticamente infinite.<\/p>\n<h3><strong>Montaggio<\/strong><\/h3>\n<p>Il montaggio dei Frontseal<span style=\"font-size: 11px; vertical-align: top;\">\u00ae<\/span> \u00e8 estremamente semplice. la guarnizione deve essere calzata sull\u2019albero con la giusta interferenza e, a seconda del modello e della velocit\u00e0 di rotazione, necessita o no di uno spallamento posteriore o di un fissaggio con anello metallico esterno.<\/p>\n<p>Il posizionamento alla giusta distanza del labbro di tenuta sulla superficie di scorrimento perpendicolare garantisce la tenuta<span style=\"font-size: 11px; vertical-align: top;\">.<\/span> Il labbro dovrebbe lavorare su un film sottile di grasso o olio siliconico. L\u2019albero, invece, dovrebbe essere preferibilmente privo di olio o grasso (per garantire l\u2019ancoraggio del V.ring).<\/p>\n\t\t<\/div>\n\t\t\t\t\t<\/div>\n\n\t\n\n\t<div id=\"col-37782129\" class=\"col medium-6 small-10 large-6\"  >\n\t\t\t\t<div class=\"col-inner text-left\"  >\n\t\t\t\n\t\t\t\n<div class=\"row\"  id=\"row-1479083595\">\n\n\t<div id=\"col-1657751197\" class=\"col small-12 large-12\"  >\n\t\t\t\t<div class=\"col-inner\"  >\n\t\t\t\n\t<div class=\"is-border\"\n\t\tstyle=\"border-color:rgb(226, 131, 34);border-width:2px 2px 2px 2;\">\n\t<\/div>\n\t\t\t\n\t<div class=\"img has-hover x md-x lg-x y md-y lg-y\" id=\"image_1858363895\">\n\t\t<a class=\"image-lightbox lightbox-gallery\" title=\"Frontseal\u00ae not preloaded\" href=\"https:\/\/dichta.com\/wp-content\/uploads\/2021\/06\/Frontseals_1.jpg\">\t\t\t\t\t\t<div class=\"img-inner dark\" >\n\t\t\t<img loading=\"lazy\" decoding=\"async\" width=\"1020\" height=\"519\" src=\"https:\/\/dichta.com\/wp-content\/uploads\/2021\/06\/Frontseals_1-1400x713.jpg\" class=\"attachment-large size-large\" alt=\"Frontseal\u00ae not preloaded\" srcset=\"https:\/\/dichta.com\/wp-content\/uploads\/2021\/06\/Frontseals_1-1400x713.jpg 1400w, https:\/\/dichta.com\/wp-content\/uploads\/2021\/06\/Frontseals_1-786x400.jpg 786w, https:\/\/dichta.com\/wp-content\/uploads\/2021\/06\/Frontseals_1-768x391.jpg 768w, https:\/\/dichta.com\/wp-content\/uploads\/2021\/06\/Frontseals_1-1536x782.jpg 1536w, https:\/\/dichta.com\/wp-content\/uploads\/2021\/06\/Frontseals_1.jpg 1664w\" sizes=\"(max-width: 1020px) 100vw, 1020px\" \/>\t\t\t\t\t\t\n\t\t\t\t\t\t\t<div class=\"caption\">Frontseal\u00ae not preloaded<\/div>\n\t\t\t\t\t<\/div>\n\t\t\t\t\t\t<\/a>\t\t\n<style>\n#image_1858363895 {\n  width: 100%;\n}\n<\/style>\n\t<\/div>\n\t\n\t\t<\/div>\n\t\t\t\t\n<style>\n#col-1657751197 > .col-inner {\n  margin: 0px 0px -50px 0px;\n}\n<\/style>\n\t<\/div>\n\n\t\n<\/div>\n\t<div id=\"gap-855010357\" class=\"gap-element clearfix\" style=\"display:block; height:auto;\">\n\t\t\n<style>\n#gap-855010357 {\n  padding-top: 30px;\n}\n<\/style>\n\t<\/div>\n\t\n<p style=\"text-align: center;\">I Frontseals<span style=\"vertical-align: top; top: 0%; font-size: 11px;\">\u00ae<\/span> non sono precaricati:<\/p>\n\t\t<\/div>\n\t\t\t\t\t<\/div>\n\n\t\n\n\t<div id=\"col-1842541796\" class=\"col medium-6 small-10 large-6\"  >\n\t\t\t\t<div class=\"col-inner text-left\"  >\n\t\t\t\n\t\t\t\n<div class=\"row\"  id=\"row-1105036618\">\n\n\t<div id=\"col-674991758\" class=\"col small-12 large-12\"  >\n\t\t\t\t<div class=\"col-inner\"  >\n\t\t\t\n\t\t\t\n\t<div class=\"img has-hover x md-x lg-x y md-y lg-y\" id=\"image_459094222\">\n\t\t\t\t\t\t\t\t<div class=\"img-inner dark\" >\n\t\t\t<img loading=\"lazy\" decoding=\"async\" width=\"1020\" height=\"519\" src=\"https:\/\/dichta.com\/wp-content\/uploads\/2021\/06\/Frontseals_2-1400x713.jpg\" class=\"attachment-large size-large\" alt=\"Frontseal\u00ae fitted with preloading using a tool\" srcset=\"https:\/\/dichta.com\/wp-content\/uploads\/2021\/06\/Frontseals_2-1400x713.jpg 1400w, https:\/\/dichta.com\/wp-content\/uploads\/2021\/06\/Frontseals_2-786x400.jpg 786w, https:\/\/dichta.com\/wp-content\/uploads\/2021\/06\/Frontseals_2-768x391.jpg 768w, https:\/\/dichta.com\/wp-content\/uploads\/2021\/06\/Frontseals_2-1536x782.jpg 1536w, https:\/\/dichta.com\/wp-content\/uploads\/2021\/06\/Frontseals_2.jpg 1664w\" sizes=\"(max-width: 1020px) 100vw, 1020px\" \/>\t\t\t\t\t\t\n\t\t\t\t\t\t\t<div class=\"caption\">Frontseal\u00ae fitted with preloading using a tool<\/div>\n\t\t\t\t\t<\/div>\n\t\t\t\t\t\t\t\t\n<style>\n#image_459094222 {\n  width: 100%;\n}\n<\/style>\n\t<\/div>\n\t\n\t\t<\/div>\n\t\t\t\t\n<style>\n#col-674991758 > .col-inner {\n  margin: 0px 0px -50px 0px;\n}\n<\/style>\n\t<\/div>\n\n\t\n<\/div>\n\t<div id=\"gap-1259838464\" class=\"gap-element clearfix\" style=\"display:block; height:auto;\">\n\t\t\n<style>\n#gap-1259838464 {\n  padding-top: 30px;\n}\n<\/style>\n\t<\/div>\n\t\n<p style=\"text-align: center;\">Il precarico da dare al labbro di tenuta \u00e8 desumibile dalla tabella a catalogo misura per misura dei Frontseals<span style=\"vertical-align: top; top: 0%; font-size: 11px;\">\u00ae<\/span> .<\/p>\n\t\t<\/div>\n\t\t\t\t\t<\/div>\n\n\t\n<\/div>\n\t\t<\/div>\n\n\t\t\n<style>\n#section_676926692 {\n  padding-top: 30px;\n  padding-bottom: 30px;\n}\n<\/style>\n\t<\/section>\n\t\n\t<section class=\"section\" id=\"section_585464816\">\n\t\t<div class=\"bg section-bg fill bg-fill  bg-loaded\" >\n\n\t\t\t\n\t\t\t\n\t\t\t\n\n\t\t<\/div>\n\n\t\t\n\n\t\t<div class=\"section-content relative\">\n\t\t\t\n<div class=\"row align-center\"  id=\"row-1511930083\">\n\n\t<div id=\"col-1313704505\" class=\"col flex-row-profiles small-12 large-12\"  >\n\t\t\t\t<div class=\"col-inner text-left\"  >\n\t\t\t\n\t\t\t\n        <div id=\"col-74076538\" class=\"col medium-4 small-12 large-2\">\r\n         <div style=\"display:block;\" class=\"col-inner\">\r\n            <div style=\"width:100%;\" class=\"img has-hover x md-x lg-x y md-y lg-y\">\r\n               <div class=\"img-inner dark\">\r\n                  <img decoding=\"async\" width=\"100%\" height=\"400\" src=\"https:\/\/dichta.com\/wp-content\/uploads\/2022\/04\/VA.jpg\" class=\"attachment-original size-original\" alt=\"\" loading=\"lazy\">\r\n               <\/div>\r\n            <\/div>\r\n            <a rel=\"noopener noreferrer\" href=\"https:\/\/dichtashop.it\/index.php?id_category=23&controller=category\" target=\"_blank\" class=\"button primary expand\">\r\n            <span>VA*<\/span>\r\n          <\/a>\r\n                      <div style=\"text-align:center;\" class=\"text\">\r\n               <p style=\"text-decoration:underline;\"><a href=\"#va\"><span style=\"color: #000000;\"><span style=\"font-size: 90%;\">Maggiori informazioni<\/span><\/span><\/a><\/p>\r\n            <\/div>\r\n            <div id=\"va\" class=\"lightbox-by-id lightbox-content mfp-hide lightbox-white \" style=\"max-width:600px ;padding:20px\">\r\n               <p style=\"margin-bottom: 0px;\"><strong>VA*<\/strong><br>E\u2019 il tipo pi\u00f9 comune. Ha il lato posteriore perpendicolare (necessita di spallamento). Disponibile in un\u2019ampia gamma di misure per alberi da 3 a pi\u00f9 di 2.000mm. [mm]* su richiesta forniamo la fascia di fissaggio.\n<\/p>\r\n            <\/div>\r\n\r\n                      <\/div>\r\n<\/div>\r\n                  <div id=\"col-505767531\" class=\"col medium-4 small-12 large-2\">\r\n         <div style=\"display:block;\" class=\"col-inner\">\r\n            <div style=\"width:100%;\" class=\"img has-hover x md-x lg-x y md-y lg-y\">\r\n               <div class=\"img-inner dark\">\r\n                  <img decoding=\"async\" width=\"100%\" height=\"400\" src=\"https:\/\/dichta.com\/wp-content\/uploads\/2022\/04\/VS.jpg\" class=\"attachment-original size-original\" alt=\"\" loading=\"lazy\">\r\n               <\/div>\r\n            <\/div>\r\n            <a rel=\"noopener noreferrer\" href=\"https:\/\/dichtashop.com\/index.php?id_category=97&controller=category\" target=\"_blank\" class=\"button primary expand\">\r\n            <span>VS<\/span>\r\n          <\/a>\r\n                      <div style=\"text-align:center;\" class=\"text\">\r\n               <p style=\"text-decoration:underline;\"><a href=\"#vs\"><span style=\"color: #000000;\"><span style=\"font-size: 90%;\">Maggiori informazioni<\/span><\/span><\/a><\/p>\r\n            <\/div>\r\n            <div id=\"vs\" class=\"lightbox-by-id lightbox-content mfp-hide lightbox-white \" style=\"max-width:600px ;padding:20px\">\r\n               <p style=\"margin-bottom: 0px;\"><strong>VS<\/strong><br>Il corpo rinforzato non necessita di spallamento. Misure disponibili per alberi da 5 a 199 [mm]\n<\/p>\r\n            <\/div>\r\n\r\n                      <\/div>\r\n<\/div>\r\n                  <div id=\"col-275590680\" class=\"col medium-4 small-12 large-2\">\r\n         <div style=\"display:block;\" class=\"col-inner\">\r\n            <div style=\"width:100%;\" class=\"img has-hover x md-x lg-x y md-y lg-y\">\r\n               <div class=\"img-inner dark\">\r\n                  <img decoding=\"async\" width=\"100%\" height=\"400\" src=\"https:\/\/dichta.com\/wp-content\/uploads\/2022\/04\/VL.jpg\" class=\"attachment-original size-original\" alt=\"\" loading=\"lazy\">\r\n               <\/div>\r\n            <\/div>\r\n            <a rel=\"noopener noreferrer\" href=\"https:\/\/dichtashop.com\/index.php?id_category=94&controller=category\" target=\"_blank\" class=\"button primary expand\">\r\n            <span>VL<\/span>\r\n          <\/a>\r\n                      <div style=\"text-align:center;\" class=\"text\">\r\n               <p style=\"text-decoration:underline;\"><a href=\"#vl\"><span style=\"color: #000000;\"><span style=\"font-size: 90%;\">Maggiori informazioni<\/span><\/span><\/a><\/p>\r\n            <\/div>\r\n            <div id=\"vl\" class=\"lightbox-by-id lightbox-content mfp-hide lightbox-white \" style=\"max-width:600px ;padding:20px\">\r\n               <p style=\"margin-bottom: 0px;\"><strong>VL<\/strong><br>Questo tipo \u00e8 studiato per usi dove c\u2019\u00e8 poco spazio. Misure disponibili per alberi da 110 ad oltre 1.200 [mm].\n<\/p>\r\n            <\/div>\r\n\r\n                      <\/div>\r\n<\/div>\r\n                  <div id=\"col-696494232\" class=\"col medium-4 small-12 large-2\">\r\n         <div style=\"display:block;\" class=\"col-inner\">\r\n            <div style=\"width:100%;\" class=\"img has-hover x md-x lg-x y md-y lg-y\">\r\n               <div class=\"img-inner dark\">\r\n                  <img decoding=\"async\" width=\"100%\" height=\"400\" src=\"https:\/\/dichta.com\/wp-content\/uploads\/2022\/04\/VAX.jpg\" class=\"attachment-original size-original\" alt=\"\" loading=\"lazy\">\r\n               <\/div>\r\n            <\/div>\r\n            <a rel=\"noopener noreferrer\" href=\"https:\/\/dichtashop.com\/index.php?id_category=92&controller=category\" target=\"_blank\" class=\"button primary expand\">\r\n            <span>VAX<\/span>\r\n          <\/a>\r\n                      <div style=\"text-align:center;\" class=\"text\">\r\n               <p style=\"text-decoration:underline;\"><a href=\"#vax\"><span style=\"color: #000000;\"><span style=\"font-size: 90%;\">Maggiori informazioni<\/span><\/span><\/a><\/p>\r\n            <\/div>\r\n            <div id=\"vax\" class=\"lightbox-by-id lightbox-content mfp-hide lightbox-white \" style=\"max-width:600px ;padding:20px\">\r\n               <p style=\"margin-bottom: 0px;\"><strong>VAX<\/strong><br>Versione per impieghi pesanti dei Frontseals\u00ae, progettati principalmente per alberi grandi e veloci tipo nell\u2019industria cartaria o nei mulini. Inoltre, possono essere usati come tenuta secondaria nelle applicazioni particolarmente pesanti, come protezione da polvere, acqua e contaminazioni di sporco della guarnizione principale. Misure disponibili per alberi da 200 ad oltre 2.000 [mm].\n<\/p>\r\n            <\/div>\r\n\r\n                      <\/div>\r\n<\/div>\r\n                  <div id=\"col-579404279\" class=\"col medium-4 small-12 large-2\">\r\n         <div style=\"display:block;\" class=\"col-inner\">\r\n            <div style=\"width:100%;\" class=\"img has-hover x md-x lg-x y md-y lg-y\">\r\n               <div class=\"img-inner dark\">\r\n                  <img decoding=\"async\" width=\"100%\" height=\"400\" src=\"https:\/\/dichta.com\/wp-content\/uploads\/2022\/04\/VE.jpg\" class=\"attachment-original size-original\" alt=\"\" loading=\"lazy\">\r\n               <\/div>\r\n            <\/div>\r\n            <a rel=\"noopener noreferrer\" href=\"https:\/\/dichtashop.com\/index.php?id_category=93&controller=category\" target=\"_blank\" class=\"button primary expand\">\r\n            <span>VE*<\/span>\r\n          <\/a>\r\n                      <div style=\"text-align:center;\" class=\"text\">\r\n               <p style=\"text-decoration:underline;\"><a href=\"#ve\"><span style=\"color: #000000;\"><span style=\"font-size: 90%;\">Maggiori informazioni<\/span><\/span><\/a><\/p>\r\n            <\/div>\r\n            <div id=\"ve\" class=\"lightbox-by-id lightbox-content mfp-hide lightbox-white \" style=\"max-width:600px ;padding:20px\">\r\n               <p style=\"margin-bottom: 0px;\"><strong>VE*<\/strong><br>Sono il tipo dedicato all\u2019industria pesante con grossi diametri d\u2019albero. Utilizzati nella produzione di acciaio, carta, mulini ecc. per escludere le contaminazioni da acqua, polvere e sporco. Una fascia esterna di fissaggio pu\u00f2 essere usata per le velocit\u00e0 di rotazione pi\u00f9 elevate. Misure disponibili per alberi da 300 ad oltre 2.000 [mm]. * su richiesta forniamo la fascia di fissaggio.\n<\/p>\r\n            <\/div>\r\n\r\n                      <\/div>\r\n<\/div>\r\n                  <div id=\"col-225380974\" class=\"col medium-4 small-12 large-2\">\r\n         <div style=\"display:block;\" class=\"col-inner\">\r\n            <div style=\"width:100%;\" class=\"img has-hover x md-x lg-x y md-y lg-y\">\r\n               <div class=\"img-inner dark\">\r\n                  <img decoding=\"async\" width=\"100%\" height=\"400\" src=\"https:\/\/dichta.com\/wp-content\/uploads\/2022\/04\/VRME.jpg\" class=\"attachment-original size-original\" alt=\"\" loading=\"lazy\">\r\n               <\/div>\r\n            <\/div>\r\n            <a rel=\"noopener noreferrer\" href=\"https:\/\/dichtashop.com\/index.php?id_category=96&controller=category\" target=\"_blank\" class=\"button primary expand\">\r\n            <span>VRME<\/span>\r\n          <\/a>\r\n                      <div style=\"text-align:center;\" class=\"text\">\r\n               <p style=\"text-decoration:underline;\"><a href=\"#vrme\"><span style=\"color: #000000;\"><span style=\"font-size: 90%;\">Maggiori informazioni<\/span><\/span><\/a><\/p>\r\n            <\/div>\r\n            <div id=\"vrme\" class=\"lightbox-by-id lightbox-content mfp-hide lightbox-white \" style=\"max-width:600px ;padding:20px\">\r\n               <p style=\"margin-bottom: 0px;\"><strong>VRME<\/strong><br>Come il VE, ha il medesimo uso ma le misure disponibili sono realizzate esclusivamente su richiesta. * su richiesta forniamo la fascia di fissaggio.\n<\/p>\r\n            <\/div>\r\n\r\n                      <\/div>\r\n<\/div>\r\n          \n\t\t<\/div>\n\t\t\t\t\t<\/div>\n\n\t\n\r\n  <div class=\"col small-12 large-12\">\r\n     <div class=\"col-inner text-center\">\r\n        <a rel=\"noopener noreferrer\" href=\"https:\/\/dichtashop.it\/index.php?id_category=11&controller=category\" target=\"_blank\" class=\"button primary is-large\" style=\"border-radius:99px;\">\r\n        <span>E-Shop<\/span>\r\n        <\/a>\r\n     <\/div>\r\n  <\/div>\r\n\r\n  \n<\/div>\n\t\t<\/div>\n\n\t\t\n<style>\n#section_585464816 {\n  padding-top: 30px;\n  padding-bottom: 30px;\n  background-color: rgb(246, 246, 246);\n}\n<\/style>\n\t<\/section>\n\t\n","protected":false},"excerpt":{"rendered":"","protected":false},"author":1,"featured_media":0,"parent":2396,"menu_order":0,"comment_status":"closed","ping_status":"closed","template":"","meta":{"footnotes":""},"yoast_head":"<!-- This site is optimized with the Yoast SEO plugin v22.5 - https:\/\/yoast.com\/wordpress\/plugins\/seo\/ -->\n<title>Frontseal V-Rings - Dichta SA<\/title>\n<meta name=\"robots\" content=\"index, follow, max-snippet:-1, max-image-preview:large, max-video-preview:-1\" \/>\n<link rel=\"canonical\" href=\"https:\/\/dichta.com\/it\/prodotti\/frontseal-v-rings\/\" \/>\n<meta property=\"og:locale\" content=\"it_IT\" \/>\n<meta property=\"og:type\" content=\"article\" \/>\n<meta property=\"og:title\" content=\"Frontseal V-Rings - Dichta SA\" \/>\n<meta property=\"og:url\" content=\"https:\/\/dichta.com\/it\/prodotti\/frontseal-v-rings\/\" \/>\n<meta property=\"og:site_name\" content=\"Dichta SA\" \/>\n<meta property=\"article:modified_time\" content=\"2023-12-12T14:00:11+00:00\" \/>\n<meta name=\"twitter:card\" content=\"summary_large_image\" \/>\n<meta name=\"twitter:label1\" content=\"Tempo di lettura stimato\" \/>\n\t<meta name=\"twitter:data1\" content=\"2 minuti\" \/>\n<script type=\"application\/ld+json\" class=\"yoast-schema-graph\">{\"@context\":\"https:\/\/schema.org\",\"@graph\":[{\"@type\":\"WebPage\",\"@id\":\"https:\/\/dichta.com\/it\/prodotti\/frontseal-v-rings\/\",\"url\":\"https:\/\/dichta.com\/it\/prodotti\/frontseal-v-rings\/\",\"name\":\"Frontseal V-Rings - Dichta SA\",\"isPartOf\":{\"@id\":\"https:\/\/dichta.com\/it\/#website\"},\"datePublished\":\"2020-03-13T10:26:27+00:00\",\"dateModified\":\"2023-12-12T14:00:11+00:00\",\"breadcrumb\":{\"@id\":\"https:\/\/dichta.com\/it\/prodotti\/frontseal-v-rings\/#breadcrumb\"},\"inLanguage\":\"it-IT\",\"potentialAction\":[{\"@type\":\"ReadAction\",\"target\":[\"https:\/\/dichta.com\/it\/prodotti\/frontseal-v-rings\/\"]}]},{\"@type\":\"BreadcrumbList\",\"@id\":\"https:\/\/dichta.com\/it\/prodotti\/frontseal-v-rings\/#breadcrumb\",\"itemListElement\":[{\"@type\":\"ListItem\",\"position\":1,\"name\":\"Home\",\"item\":\"https:\/\/dichta.com\/it\/\"},{\"@type\":\"ListItem\",\"position\":2,\"name\":\"Prodotti\",\"item\":\"https:\/\/dichta.com\/it\/prodotti\/\"},{\"@type\":\"ListItem\",\"position\":3,\"name\":\"Frontseal V-Rings\"}]},{\"@type\":\"WebSite\",\"@id\":\"https:\/\/dichta.com\/it\/#website\",\"url\":\"https:\/\/dichta.com\/it\/\",\"name\":\"Dichta SA\",\"description\":\"\",\"potentialAction\":[{\"@type\":\"SearchAction\",\"target\":{\"@type\":\"EntryPoint\",\"urlTemplate\":\"https:\/\/dichta.com\/it\/?s={search_term_string}\"},\"query-input\":\"required name=search_term_string\"}],\"inLanguage\":\"it-IT\"}]}<\/script>\n<!-- \/ Yoast SEO plugin. -->","yoast_head_json":{"title":"Frontseal V-Rings - Dichta SA","robots":{"index":"index","follow":"follow","max-snippet":"max-snippet:-1","max-image-preview":"max-image-preview:large","max-video-preview":"max-video-preview:-1"},"canonical":"https:\/\/dichta.com\/it\/prodotti\/frontseal-v-rings\/","og_locale":"it_IT","og_type":"article","og_title":"Frontseal V-Rings - Dichta SA","og_url":"https:\/\/dichta.com\/it\/prodotti\/frontseal-v-rings\/","og_site_name":"Dichta SA","article_modified_time":"2023-12-12T14:00:11+00:00","twitter_card":"summary_large_image","twitter_misc":{"Tempo di lettura stimato":"2 minuti"},"schema":{"@context":"https:\/\/schema.org","@graph":[{"@type":"WebPage","@id":"https:\/\/dichta.com\/it\/prodotti\/frontseal-v-rings\/","url":"https:\/\/dichta.com\/it\/prodotti\/frontseal-v-rings\/","name":"Frontseal V-Rings - Dichta SA","isPartOf":{"@id":"https:\/\/dichta.com\/it\/#website"},"datePublished":"2020-03-13T10:26:27+00:00","dateModified":"2023-12-12T14:00:11+00:00","breadcrumb":{"@id":"https:\/\/dichta.com\/it\/prodotti\/frontseal-v-rings\/#breadcrumb"},"inLanguage":"it-IT","potentialAction":[{"@type":"ReadAction","target":["https:\/\/dichta.com\/it\/prodotti\/frontseal-v-rings\/"]}]},{"@type":"BreadcrumbList","@id":"https:\/\/dichta.com\/it\/prodotti\/frontseal-v-rings\/#breadcrumb","itemListElement":[{"@type":"ListItem","position":1,"name":"Home","item":"https:\/\/dichta.com\/it\/"},{"@type":"ListItem","position":2,"name":"Prodotti","item":"https:\/\/dichta.com\/it\/prodotti\/"},{"@type":"ListItem","position":3,"name":"Frontseal V-Rings"}]},{"@type":"WebSite","@id":"https:\/\/dichta.com\/it\/#website","url":"https:\/\/dichta.com\/it\/","name":"Dichta SA","description":"","potentialAction":[{"@type":"SearchAction","target":{"@type":"EntryPoint","urlTemplate":"https:\/\/dichta.com\/it\/?s={search_term_string}"},"query-input":"required name=search_term_string"}],"inLanguage":"it-IT"}]}},"_links":{"self":[{"href":"https:\/\/dichta.com\/it\/wp-json\/wp\/v2\/pages\/2430"}],"collection":[{"href":"https:\/\/dichta.com\/it\/wp-json\/wp\/v2\/pages"}],"about":[{"href":"https:\/\/dichta.com\/it\/wp-json\/wp\/v2\/types\/page"}],"author":[{"embeddable":true,"href":"https:\/\/dichta.com\/it\/wp-json\/wp\/v2\/users\/1"}],"replies":[{"embeddable":true,"href":"https:\/\/dichta.com\/it\/wp-json\/wp\/v2\/comments?post=2430"}],"version-history":[{"count":14,"href":"https:\/\/dichta.com\/it\/wp-json\/wp\/v2\/pages\/2430\/revisions"}],"predecessor-version":[{"id":2835,"href":"https:\/\/dichta.com\/it\/wp-json\/wp\/v2\/pages\/2430\/revisions\/2835"}],"up":[{"embeddable":true,"href":"https:\/\/dichta.com\/it\/wp-json\/wp\/v2\/pages\/2396"}],"wp:attachment":[{"href":"https:\/\/dichta.com\/it\/wp-json\/wp\/v2\/media?parent=2430"}],"curies":[{"name":"wp","href":"https:\/\/api.w.org\/{rel}","templated":true}]}}