{"id":2418,"date":"2021-06-24T12:16:28","date_gmt":"2021-06-24T10:16:28","guid":{"rendered":"https:\/\/dichta.com\/prodotti\/c-o-ptfe-lip-seals\/"},"modified":"2024-05-24T13:23:57","modified_gmt":"2024-05-24T11:23:57","slug":"c-o-ptfe-lip-seals","status":"publish","type":"page","link":"https:\/\/dichta.com\/it\/prodotti\/c-o-ptfe-lip-seals\/","title":{"rendered":"C-O PTFE LIP SEALS"},"content":{"rendered":"\n  <div class=\"banner has-hover\" id=\"banner-1620246123\">\n          <div class=\"banner-inner fill\">\n        <div class=\"banner-bg fill\" >\n            <div class=\"bg fill bg-fill \"><\/div>\n                                    \n                    <\/div>\n\t\t\n        <div class=\"banner-layers container\">\n            <div class=\"fill banner-link\"><\/div>            \n        <\/div>\n      <\/div>\n\n            \n<style>\n#banner-1620246123 {\n  padding-top: 300px;\n}\n#banner-1620246123 .bg.bg-loaded {\n  background-image: url(https:\/\/dichta.com\/wp-content\/uploads\/2021\/06\/c-o-ptfe-dichta.jpg);\n}\n#banner-1620246123 .bg {\n  background-position: 74% 63%;\n}\n<\/style>\n  <\/div>\n\n\n\t<section class=\"section\" id=\"section_678542997\">\n\t\t<div class=\"bg section-bg fill bg-fill  bg-loaded\" >\n\n\t\t\t\n\t\t\t\n\t\t\t\n\n\t\t<\/div>\n\n\t\t\n\n\t\t<div class=\"section-content relative\">\n\t\t\t\n<div class=\"row align-middle align-center\"  id=\"row-1150440900\">\n\n\t<div id=\"col-2073579346\" class=\"col small-10 large-12\"  >\n\t\t\t\t<div class=\"col-inner text-left\"  >\n\t\t\t\n\t\t\t\n\t<div id=\"text-2716639349\" class=\"text\">\n\t\t\n<h1>C-O PTFE Lip Seals<\/h1>\n\t\t\n<style>\n#text-2716639349 {\n  font-size: 1.5rem;\n  text-align: center;\n  color: #e88341;\n}\n#text-2716639349 > * {\n  color: #e88341;\n}\n<\/style>\n\t<\/div>\n\t\n<p><strong>C-O PTFE LIP SEALS<\/strong> sono progettati per superiori prestazioni rispetto alle tenute in elastomero. I nostri<\/p>\n<p><strong>C-O PTFE LIP SEALS<\/strong> Sono disponibili con singolo o doppio labbro in PTFE caricato secondo l\u2019impiego da svolgere. La cassa metallica esterna \u00e8 costruita in AISI 316L, acciaio al carbonio o Alloy C276, sempre secondo necessit\u00e0. La tenuta tra labbro in PTFE e cassa metallica \u00e8 assicurata da una guarnizione in NBR, FPM, VMQ, EPDM oppure in PTFE caricato. Questi anelli possono essere montati nelle sedi previste per gli <strong>anelli di tenuta<\/strong> fatti in accordo alla norma DIN 3760 garantendo prestazioni superiori: minor attrito, resistenza a pressioni superiori, temperature pi\u00f9 elevate, resistenza all\u2019aggressione chimica.<\/p>\n\t\t<\/div>\n\t\t\t\t\t<\/div>\n\n\t\n<\/div>\n\t\t<\/div>\n\n\t\t\n<style>\n#section_678542997 {\n  padding-top: 30px;\n  padding-bottom: 30px;\n}\n<\/style>\n\t<\/section>\n\t\n\t<section class=\"section\" id=\"section_1278814665\">\n\t\t<div class=\"bg section-bg fill bg-fill  bg-loaded\" >\n\n\t\t\t\n\t\t\t\n\t\t\t\n\n\t\t<\/div>\n\n\t\t\n\n\t\t<div class=\"section-content relative\">\n\t\t\t\n<div class=\"row align-center\"  id=\"row-127528354\">\n\n\t<div id=\"col-55493308\" class=\"col flex-row-profiles small-12 large-12\"  >\n\t\t\t\t<div class=\"col-inner text-left\"  >\n\t\t\t\n\t\t\t\n        <div id=\"col-438615961\" class=\"col medium-4 small-12 large-2\">\r\n         <div style=\"display:block;\" class=\"col-inner\">\r\n            <div style=\"width:100%;\" class=\"img has-hover x md-x lg-x y md-y lg-y\">\r\n               <div class=\"img-inner dark\">\r\n                  <img decoding=\"async\" width=\"100%\" height=\"400\" src=\"https:\/\/dichta.com\/wp-content\/uploads\/2023\/07\/C-O-Model.jpg\" class=\"attachment-original size-original\" alt=\"\" loading=\"lazy\">\r\n               <\/div>\r\n            <\/div>\r\n            <a rel=\"noopener noreferrer\" href=\"\" target=\"_blank\" class=\"button primary expand\">\r\n            <span>C-O<\/span>\r\n          <\/a>\r\n                      <div style=\"text-align:center;\" class=\"text\">\r\n               <p style=\"text-decoration:underline;\"><a href=\"#c-o\"><span style=\"color: #000000;\"><span style=\"font-size: 90%;\">Maggiori informazioni<\/span><\/span><\/a><\/p>\r\n            <\/div>\r\n            <div id=\"c-o\" class=\"lightbox-by-id lightbox-content mfp-hide lightbox-white \" style=\"max-width:600px ;padding:20px\">\r\n               <p style=\"margin-bottom: 0px;\"><strong>C-O<\/strong><br>Cassa metallica esterna, singolo labbro, disponibile con rigatura idrodinamica.\n<\/p>\r\n            <\/div>\r\n\r\n                      <\/div>\r\n<\/div>\r\n                  <div id=\"col-38476904\" class=\"col medium-4 small-12 large-2\">\r\n         <div style=\"display:block;\" class=\"col-inner\">\r\n            <div style=\"width:100%;\" class=\"img has-hover x md-x lg-x y md-y lg-y\">\r\n               <div class=\"img-inner dark\">\r\n                  <img decoding=\"async\" width=\"100%\" height=\"400\" src=\"https:\/\/dichta.com\/wp-content\/uploads\/2023\/07\/C-OD-Model.jpg\" class=\"attachment-original size-original\" alt=\"\" loading=\"lazy\">\r\n               <\/div>\r\n            <\/div>\r\n            <a rel=\"noopener noreferrer\" href=\"\" target=\"_blank\" class=\"button primary expand\">\r\n            <span>C-OD<\/span>\r\n          <\/a>\r\n                      <div style=\"text-align:center;\" class=\"text\">\r\n               <p style=\"text-decoration:underline;\"><a href=\"#c-od\"><span style=\"color: #000000;\"><span style=\"font-size: 90%;\">Maggiori informazioni<\/span><\/span><\/a><\/p>\r\n            <\/div>\r\n            <div id=\"c-od\" class=\"lightbox-by-id lightbox-content mfp-hide lightbox-white \" style=\"max-width:600px ;padding:20px\">\r\n               <p style=\"margin-bottom: 0px;\"><strong>C-OD<\/strong><br>Cassa metallica esterna, doppio labbro, disponibile con rigatura idrodinamica.\n<\/p>\r\n            <\/div>\r\n\r\n                      <\/div>\r\n<\/div>\r\n                  <div id=\"col-261419795\" class=\"col medium-4 small-12 large-2\">\r\n         <div style=\"display:block;\" class=\"col-inner\">\r\n            <div style=\"width:100%;\" class=\"img has-hover x md-x lg-x y md-y lg-y\">\r\n               <div class=\"img-inner dark\">\r\n                  <img decoding=\"async\" width=\"100%\" height=\"400\" src=\"https:\/\/dichta.com\/wp-content\/uploads\/2023\/07\/C-OBTB-Model.jpg\" class=\"attachment-original size-original\" alt=\"\" loading=\"lazy\">\r\n               <\/div>\r\n            <\/div>\r\n            <a rel=\"noopener noreferrer\" href=\"\" target=\"_blank\" class=\"button primary expand\">\r\n            <span>C-OBTB<\/span>\r\n          <\/a>\r\n                      <div style=\"text-align:center;\" class=\"text\">\r\n               <p style=\"text-decoration:underline;\"><a href=\"#c-obtb\"><span style=\"color: #000000;\"><span style=\"font-size: 90%;\">Maggiori informazioni<\/span><\/span><\/a><\/p>\r\n            <\/div>\r\n            <div id=\"c-obtb\" class=\"lightbox-by-id lightbox-content mfp-hide lightbox-white \" style=\"max-width:600px ;padding:20px\">\r\n               <p style=\"margin-bottom: 0px;\"><strong>C-OBTB<\/strong><br>Cassa metallica esterna, doppio labbro contrapposto, disponibile con rigatura idrodinamica.\n<\/p>\r\n            <\/div>\r\n\r\n                      <\/div>\r\n<\/div>\r\n                  <div id=\"col-145009694\" class=\"col medium-4 small-12 large-2\">\r\n         <div style=\"display:block;\" class=\"col-inner\">\r\n            <div style=\"width:100%;\" class=\"img has-hover x md-x lg-x y md-y lg-y\">\r\n               <div class=\"img-inner dark\">\r\n                  <img decoding=\"async\" width=\"100%\" height=\"400\" src=\"https:\/\/dichta.com\/wp-content\/uploads\/2023\/07\/C-O-REV-Model.jpg\" class=\"attachment-original size-original\" alt=\"\" loading=\"lazy\">\r\n               <\/div>\r\n            <\/div>\r\n            <a rel=\"noopener noreferrer\" href=\"\" target=\"_blank\" class=\"button primary expand\">\r\n            <span>C-O REV<\/span>\r\n          <\/a>\r\n                      <div style=\"text-align:center;\" class=\"text\">\r\n               <p style=\"text-decoration:underline;\"><a href=\"#c-o-rev\"><span style=\"color: #000000;\"><span style=\"font-size: 90%;\">Maggiori informazioni<\/span><\/span><\/a><\/p>\r\n            <\/div>\r\n            <div id=\"c-o-rev\" class=\"lightbox-by-id lightbox-content mfp-hide lightbox-white \" style=\"max-width:600px ;padding:20px\">\r\n               <p style=\"margin-bottom: 0px;\"><strong>C-O REV<\/strong><br>Cassa metallica esterna, singolo labbro inverso, disponibile con rigatura idrodinamica.\n<\/p>\r\n            <\/div>\r\n\r\n                      <\/div>\r\n<\/div>\r\n                  <div id=\"col-148981740\" class=\"col medium-4 small-12 large-2\">\r\n         <div style=\"display:block;\" class=\"col-inner\">\r\n            <div style=\"width:100%;\" class=\"img has-hover x md-x lg-x y md-y lg-y\">\r\n               <div class=\"img-inner dark\">\r\n                  <img decoding=\"async\" width=\"100%\" height=\"400\" src=\"https:\/\/dichta.com\/wp-content\/uploads\/2023\/07\/C-OS-Model.jpg\" class=\"attachment-original size-original\" alt=\"\" loading=\"lazy\">\r\n               <\/div>\r\n            <\/div>\r\n            <a rel=\"noopener noreferrer\" href=\"\" target=\"_blank\" class=\"button primary expand\">\r\n            <span>C-OS<\/span>\r\n          <\/a>\r\n                      <div style=\"text-align:center;\" class=\"text\">\r\n               <p style=\"text-decoration:underline;\"><a href=\"#c-os\"><span style=\"color: #000000;\"><span style=\"font-size: 90%;\">Maggiori informazioni<\/span><\/span><\/a><\/p>\r\n            <\/div>\r\n            <div id=\"c-os\" class=\"lightbox-by-id lightbox-content mfp-hide lightbox-white \" style=\"max-width:600px ;padding:20px\">\r\n               <p style=\"margin-bottom: 0px;\"><strong>C-OS<\/strong><br>Cassa metallica esterna, con labbro parapolvere, disponibile con rigatura idrodinamica.\n<\/p>\r\n            <\/div>\r\n\r\n                      <\/div>\r\n<\/div>\r\n                  <div id=\"col-747984272\" class=\"col medium-4 small-12 large-2\">\r\n         <div style=\"display:block;\" class=\"col-inner\">\r\n            <div style=\"width:100%;\" class=\"img has-hover x md-x lg-x y md-y lg-y\">\r\n               <div class=\"img-inner dark\">\r\n                  <img decoding=\"async\" width=\"100%\" height=\"400\" src=\"https:\/\/dichta.com\/wp-content\/uploads\/2023\/07\/OP-01-Model.jpg\" class=\"attachment-original size-original\" alt=\"\" loading=\"lazy\">\r\n               <\/div>\r\n            <\/div>\r\n            <a rel=\"noopener noreferrer\" href=\"\" target=\"_blank\" class=\"button primary expand\">\r\n            <span>OP-01<\/span>\r\n          <\/a>\r\n                      <div style=\"text-align:center;\" class=\"text\">\r\n               <p style=\"text-decoration:underline;\"><a href=\"#op-01\"><span style=\"color: #000000;\"><span style=\"font-size: 90%;\">Maggiori informazioni<\/span><\/span><\/a><\/p>\r\n            <\/div>\r\n            <div id=\"op-01\" class=\"lightbox-by-id lightbox-content mfp-hide lightbox-white \" style=\"max-width:600px ;padding:20px\">\r\n               <p style=\"margin-bottom: 0px;\"><strong>OP-01<\/strong><br>Interamente in PTFE.\n<\/p>\r\n            <\/div>\r\n\r\n                      <\/div>\r\n<\/div>\r\n                  <div id=\"col-2003423994\" class=\"col medium-4 small-12 large-2\">\r\n         <div style=\"display:block;\" class=\"col-inner\">\r\n            <div style=\"width:100%;\" class=\"img has-hover x md-x lg-x y md-y lg-y\">\r\n               <div class=\"img-inner dark\">\r\n                  <img decoding=\"async\" width=\"100%\" height=\"400\" src=\"https:\/\/dichta.com\/wp-content\/uploads\/2023\/07\/OP-02-Model.jpg\" class=\"attachment-original size-original\" alt=\"\" loading=\"lazy\">\r\n               <\/div>\r\n            <\/div>\r\n            <a rel=\"noopener noreferrer\" href=\"\" target=\"_blank\" class=\"button primary expand\">\r\n            <span>OP-02<\/span>\r\n          <\/a>\r\n                      <div style=\"text-align:center;\" class=\"text\">\r\n               <p style=\"text-decoration:underline;\"><a href=\"#op-02\"><span style=\"color: #000000;\"><span style=\"font-size: 90%;\">Maggiori informazioni<\/span><\/span><\/a><\/p>\r\n            <\/div>\r\n            <div id=\"op-02\" class=\"lightbox-by-id lightbox-content mfp-hide lightbox-white \" style=\"max-width:600px ;padding:20px\">\r\n               <p style=\"margin-bottom: 0px;\"><strong>OP-02<\/strong><br>Interamente in PTFE con labbro rinforzato per alta pressione.\n<\/p>\r\n            <\/div>\r\n\r\n                      <\/div>\r\n<\/div>\r\n                  <div id=\"col-130050283\" class=\"col medium-4 small-12 large-2\">\r\n         <div style=\"display:block;\" class=\"col-inner\">\r\n            <div style=\"width:100%;\" class=\"img has-hover x md-x lg-x y md-y lg-y\">\r\n               <div class=\"img-inner dark\">\r\n                  <img decoding=\"async\" width=\"100%\" height=\"400\" src=\"https:\/\/dichta.com\/wp-content\/uploads\/2023\/07\/OP-03-Model.jpg\" class=\"attachment-original size-original\" alt=\"\" loading=\"lazy\">\r\n               <\/div>\r\n            <\/div>\r\n            <a rel=\"noopener noreferrer\" href=\"\" target=\"_blank\" class=\"button primary expand\">\r\n            <span>OP-03<\/span>\r\n          <\/a>\r\n                      <div style=\"text-align:center;\" class=\"text\">\r\n               <p style=\"text-decoration:underline;\"><a href=\"#op-03\"><span style=\"color: #000000;\"><span style=\"font-size: 90%;\">Maggiori informazioni<\/span><\/span><\/a><\/p>\r\n            <\/div>\r\n            <div id=\"op-03\" class=\"lightbox-by-id lightbox-content mfp-hide lightbox-white \" style=\"max-width:600px ;padding:20px\">\r\n               <p style=\"margin-bottom: 0px;\"><strong>OP-03<\/strong><br>Interamente in PTFE con molla elicoidale per eccentricit\u00e0 maggiore.\n<\/p>\r\n            <\/div>\r\n\r\n                      <\/div>\r\n<\/div>\r\n                  <div id=\"col-1061633618\" class=\"col medium-4 small-12 large-2\">\r\n         <div style=\"display:block;\" class=\"col-inner\">\r\n            <div style=\"width:100%;\" class=\"img has-hover x md-x lg-x y md-y lg-y\">\r\n               <div class=\"img-inner dark\">\r\n                  <img decoding=\"async\" width=\"100%\" height=\"400\" src=\"https:\/\/dichta.com\/wp-content\/uploads\/2023\/07\/OP-04-Model.jpg\" class=\"attachment-original size-original\" alt=\"\" loading=\"lazy\">\r\n               <\/div>\r\n            <\/div>\r\n            <a rel=\"noopener noreferrer\" href=\"\" target=\"_blank\" class=\"button primary expand\">\r\n            <span>OP-04<\/span>\r\n          <\/a>\r\n                      <div style=\"text-align:center;\" class=\"text\">\r\n               <p style=\"text-decoration:underline;\"><a href=\"#op-04\"><span style=\"color: #000000;\"><span style=\"font-size: 90%;\">Maggiori informazioni<\/span><\/span><\/a><\/p>\r\n            <\/div>\r\n            <div id=\"op-04\" class=\"lightbox-by-id lightbox-content mfp-hide lightbox-white \" style=\"max-width:600px ;padding:20px\">\r\n               <p style=\"margin-bottom: 0px;\"><strong>OP-04<\/strong><br>Interamente in PTFE energizzata da molla a U.\n<\/p>\r\n            <\/div>\r\n\r\n                      <\/div>\r\n<\/div>\r\n                  <div id=\"col-33641121\" class=\"col medium-4 small-12 large-2\">\r\n         <div style=\"display:block;\" class=\"col-inner\">\r\n            <div style=\"width:100%;\" class=\"img has-hover x md-x lg-x y md-y lg-y\">\r\n               <div class=\"img-inner dark\">\r\n                  <img decoding=\"async\" width=\"100%\" height=\"400\" src=\"https:\/\/dichta.com\/wp-content\/uploads\/2023\/07\/OP-05-Model.jpg\" class=\"attachment-original size-original\" alt=\"\" loading=\"lazy\">\r\n               <\/div>\r\n            <\/div>\r\n            <a rel=\"noopener noreferrer\" href=\"\" target=\"_blank\" class=\"button primary expand\">\r\n            <span>OP-05<\/span>\r\n          <\/a>\r\n                      <div style=\"text-align:center;\" class=\"text\">\r\n               <p style=\"text-decoration:underline;\"><a href=\"#op-05\"><span style=\"color: #000000;\"><span style=\"font-size: 90%;\">Maggiori informazioni<\/span><\/span><\/a><\/p>\r\n            <\/div>\r\n            <div id=\"op-05\" class=\"lightbox-by-id lightbox-content mfp-hide lightbox-white \" style=\"max-width:600px ;padding:20px\">\r\n               <p style=\"margin-bottom: 0px;\"><strong>OP-05<\/strong><br>Interamente in PTFE energizzata da molla a U, riempita con silicone.\n<\/p>\r\n            <\/div>\r\n\r\n                      <\/div>\r\n<\/div>\r\n          \n\t\t<\/div>\n\t\t\t\t\t<\/div>\n\n\t\n\r\n  <div class=\"col small-12 large-12\">\r\n     <div class=\"col-inner text-center\">\r\n        <a rel=\"noopener noreferrer\" href=\"https:\/\/dichta.com\/wp-content\/uploads\/2023\/12\/2022_Brochure_AnelliDiTenutaRadialeLipSeal.pdf\" target=\"_blank\" class=\"button primary is-large\" style=\"border-radius:99px;\">\r\n        <span>Download Catalogo<\/span>\r\n        <\/a>\r\n     <\/div>\r\n  <\/div>\r\n\r\n  \n<\/div>\n\t\t<\/div>\n\n\t\t\n<style>\n#section_1278814665 {\n  padding-top: 30px;\n  padding-bottom: 30px;\n  background-color: rgb(246, 246, 246);\n}\n<\/style>\n\t<\/section>\n\t\n","protected":false},"excerpt":{"rendered":"","protected":false},"author":1,"featured_media":0,"parent":2396,"menu_order":0,"comment_status":"closed","ping_status":"closed","template":"","meta":{"footnotes":""},"yoast_head":"<!-- This site is optimized with the Yoast SEO plugin v22.5 - https:\/\/yoast.com\/wordpress\/plugins\/seo\/ -->\n<title>C-O PTFE LIP SEALS - Dichta SA<\/title>\n<meta name=\"robots\" content=\"index, follow, max-snippet:-1, max-image-preview:large, max-video-preview:-1\" \/>\n<link rel=\"canonical\" href=\"https:\/\/dichta.com\/it\/prodotti\/c-o-ptfe-lip-seals\/\" \/>\n<meta property=\"og:locale\" content=\"it_IT\" \/>\n<meta property=\"og:type\" content=\"article\" \/>\n<meta property=\"og:title\" content=\"C-O PTFE LIP SEALS - Dichta SA\" \/>\n<meta property=\"og:url\" content=\"https:\/\/dichta.com\/it\/prodotti\/c-o-ptfe-lip-seals\/\" \/>\n<meta property=\"og:site_name\" content=\"Dichta SA\" \/>\n<meta property=\"article:modified_time\" content=\"2024-05-24T11:23:57+00:00\" \/>\n<meta name=\"twitter:card\" content=\"summary_large_image\" \/>\n<meta name=\"twitter:label1\" content=\"Tempo di lettura stimato\" \/>\n\t<meta name=\"twitter:data1\" content=\"1 minuto\" \/>\n<script type=\"application\/ld+json\" class=\"yoast-schema-graph\">{\"@context\":\"https:\/\/schema.org\",\"@graph\":[{\"@type\":\"WebPage\",\"@id\":\"https:\/\/dichta.com\/it\/prodotti\/c-o-ptfe-lip-seals\/\",\"url\":\"https:\/\/dichta.com\/it\/prodotti\/c-o-ptfe-lip-seals\/\",\"name\":\"C-O PTFE LIP SEALS - Dichta SA\",\"isPartOf\":{\"@id\":\"https:\/\/dichta.com\/it\/#website\"},\"datePublished\":\"2021-06-24T10:16:28+00:00\",\"dateModified\":\"2024-05-24T11:23:57+00:00\",\"breadcrumb\":{\"@id\":\"https:\/\/dichta.com\/it\/prodotti\/c-o-ptfe-lip-seals\/#breadcrumb\"},\"inLanguage\":\"it-IT\",\"potentialAction\":[{\"@type\":\"ReadAction\",\"target\":[\"https:\/\/dichta.com\/it\/prodotti\/c-o-ptfe-lip-seals\/\"]}]},{\"@type\":\"BreadcrumbList\",\"@id\":\"https:\/\/dichta.com\/it\/prodotti\/c-o-ptfe-lip-seals\/#breadcrumb\",\"itemListElement\":[{\"@type\":\"ListItem\",\"position\":1,\"name\":\"Home\",\"item\":\"https:\/\/dichta.com\/it\/\"},{\"@type\":\"ListItem\",\"position\":2,\"name\":\"Prodotti\",\"item\":\"https:\/\/dichta.com\/it\/prodotti\/\"},{\"@type\":\"ListItem\",\"position\":3,\"name\":\"C-O PTFE LIP SEALS\"}]},{\"@type\":\"WebSite\",\"@id\":\"https:\/\/dichta.com\/it\/#website\",\"url\":\"https:\/\/dichta.com\/it\/\",\"name\":\"Dichta SA\",\"description\":\"\",\"potentialAction\":[{\"@type\":\"SearchAction\",\"target\":{\"@type\":\"EntryPoint\",\"urlTemplate\":\"https:\/\/dichta.com\/it\/?s={search_term_string}\"},\"query-input\":\"required name=search_term_string\"}],\"inLanguage\":\"it-IT\"}]}<\/script>\n<!-- \/ Yoast SEO plugin. -->","yoast_head_json":{"title":"C-O PTFE LIP SEALS - Dichta SA","robots":{"index":"index","follow":"follow","max-snippet":"max-snippet:-1","max-image-preview":"max-image-preview:large","max-video-preview":"max-video-preview:-1"},"canonical":"https:\/\/dichta.com\/it\/prodotti\/c-o-ptfe-lip-seals\/","og_locale":"it_IT","og_type":"article","og_title":"C-O PTFE LIP SEALS - Dichta SA","og_url":"https:\/\/dichta.com\/it\/prodotti\/c-o-ptfe-lip-seals\/","og_site_name":"Dichta SA","article_modified_time":"2024-05-24T11:23:57+00:00","twitter_card":"summary_large_image","twitter_misc":{"Tempo di lettura stimato":"1 minuto"},"schema":{"@context":"https:\/\/schema.org","@graph":[{"@type":"WebPage","@id":"https:\/\/dichta.com\/it\/prodotti\/c-o-ptfe-lip-seals\/","url":"https:\/\/dichta.com\/it\/prodotti\/c-o-ptfe-lip-seals\/","name":"C-O PTFE LIP SEALS - Dichta SA","isPartOf":{"@id":"https:\/\/dichta.com\/it\/#website"},"datePublished":"2021-06-24T10:16:28+00:00","dateModified":"2024-05-24T11:23:57+00:00","breadcrumb":{"@id":"https:\/\/dichta.com\/it\/prodotti\/c-o-ptfe-lip-seals\/#breadcrumb"},"inLanguage":"it-IT","potentialAction":[{"@type":"ReadAction","target":["https:\/\/dichta.com\/it\/prodotti\/c-o-ptfe-lip-seals\/"]}]},{"@type":"BreadcrumbList","@id":"https:\/\/dichta.com\/it\/prodotti\/c-o-ptfe-lip-seals\/#breadcrumb","itemListElement":[{"@type":"ListItem","position":1,"name":"Home","item":"https:\/\/dichta.com\/it\/"},{"@type":"ListItem","position":2,"name":"Prodotti","item":"https:\/\/dichta.com\/it\/prodotti\/"},{"@type":"ListItem","position":3,"name":"C-O PTFE LIP SEALS"}]},{"@type":"WebSite","@id":"https:\/\/dichta.com\/it\/#website","url":"https:\/\/dichta.com\/it\/","name":"Dichta SA","description":"","potentialAction":[{"@type":"SearchAction","target":{"@type":"EntryPoint","urlTemplate":"https:\/\/dichta.com\/it\/?s={search_term_string}"},"query-input":"required name=search_term_string"}],"inLanguage":"it-IT"}]}},"_links":{"self":[{"href":"https:\/\/dichta.com\/it\/wp-json\/wp\/v2\/pages\/2418"}],"collection":[{"href":"https:\/\/dichta.com\/it\/wp-json\/wp\/v2\/pages"}],"about":[{"href":"https:\/\/dichta.com\/it\/wp-json\/wp\/v2\/types\/page"}],"author":[{"embeddable":true,"href":"https:\/\/dichta.com\/it\/wp-json\/wp\/v2\/users\/1"}],"replies":[{"embeddable":true,"href":"https:\/\/dichta.com\/it\/wp-json\/wp\/v2\/comments?post=2418"}],"version-history":[{"count":10,"href":"https:\/\/dichta.com\/it\/wp-json\/wp\/v2\/pages\/2418\/revisions"}],"predecessor-version":[{"id":2989,"href":"https:\/\/dichta.com\/it\/wp-json\/wp\/v2\/pages\/2418\/revisions\/2989"}],"up":[{"embeddable":true,"href":"https:\/\/dichta.com\/it\/wp-json\/wp\/v2\/pages\/2396"}],"wp:attachment":[{"href":"https:\/\/dichta.com\/it\/wp-json\/wp\/v2\/media?parent=2418"}],"curies":[{"name":"wp","href":"https:\/\/api.w.org\/{rel}","templated":true}]}}